{"id":455,"date":"2013-05-07T07:12:34","date_gmt":"2013-05-07T07:12:34","guid":{"rendered":"http:\/\/www.triennale-der-moderne.de\/2013\/\/berlin\/veranstaltungsorte\/museum-neukoelln\/"},"modified":"2013-05-07T07:12:34","modified_gmt":"2013-05-07T07:12:34","slug":"museum-neukoelln","status":"publish","type":"page","link":"\/2013\/berlin\/veranstaltungsorte\/museum-neukoelln\/","title":{"rendered":"Museum Neuk\u00f6lln"},"content":{"rendered":"<p>\nEr\u00f6ffnung der Ausstellung: 17. Mai 2013, 19.00 Uhr<br \/>\nAusstellungsdauer: 18. Mai bis 29. Dezember 2013<\/p>\n<p>\nAm Beipiel der Hufeisen- und Krugpfuhlsiedlung wird in der Ausstellung gezeigt, welche Konsequenzen die Macht\u00fcbernahme der Nationalsozialisten 1933 f\u00fcr das Leben ihrer Bewohnerinnen und Bewohner hatte. Die Hufeisensiedlung, ab 1925 nach Pl\u00e4nen von Bruno Taut erbaut, galt als ein herausragendes Reformmodell sozialen Wohnens in der Weimarer Republik und ist heute UNESCO-Weltkulturerbe. Als traditionell gewerkschaftlich und sozialdemokratisch gepr\u00e4gtes linkes Milieu war die Gro\u00dfsiedlung Britz den Nationalsozialisten ein Dorn im Auge. Bereits im Februar 1933 wurde der Anarchist und Dichter Erich M\u00fchsam verhaftet und 1934 im KZ Oranienburg ermordet. Nur wenige wissen, das im folgenden Jahr Adolf Eichmann, der sp\u00e4tere Hauptorganisator der Judenvernichtung in Europa, in die Krugpfuhlsiedlung zog und dort bis 1938 wohnte. Nach und nach gelang es den Nazis ihre soziale Basis auch in Britz zu verbreitern. Allein 1360 Mitglieder der NSDAP sind in einer Datenbank verzeichnet, die im Museum eingesehen werden kann. Vor diesem Hintergrund verdient der vereinzelte Widerstand von Sozialdemokraten und Kommunisten besonderen Respekt.<\/p>\n<p>Museum Neuk\u00f6lln<br \/>\nGutshof Britz, Alt-Britz 81, 12359 Berlin<br \/>\nTel.: 627 277-727<br \/> <br \/>\n\u00d6ffnungszeiten: Di \u2013 So: 10-18 Uhr<br \/>\n<a href=\"http:\/\/www.museum-neukoelln.de\" target=\"_blank\">www.museum-neukoelln.de<\/a>\n<\/p>\n<p>\nZur Ausstellung erscheint ein Katalog mit 400 Seiten und zahlreichen Abbildungen <br \/>\nzum Preis von 18,\u2013 Euro sowie eine Begleitbrosch\u00fcre mit dem Titel <br \/>\n\u201e50 T\u00fcren in die NS-Zeit\u201c zum Preis von 5,\u2013 Euro.<\/p>\n","protected":false},"excerpt":{"rendered":"<p>Er\u00f6ffnung der Ausstellung: 17. Mai 2013, 19.00 Uhr Ausstellungsdauer: 18. Mai bis 29. Dezember 2013 Am Beipiel der Hufeisen- und Krugpfuhlsiedlung wird in der Ausstellung gezeigt, welche Konsequenzen die Macht\u00fcbernahme der Nationalsozialisten 1933 f\u00fcr das Leben ihrer Bewohnerinnen und Bewohner hatte. Die Hufeisensiedlung, ab 1925 nach Pl\u00e4nen von Bruno Taut erbaut, galt als ein herausragendes [&hellip;]<\/p>\n","protected":false},"author":1,"featured_media":0,"parent":28,"menu_order":19,"comment_status":"open","ping_status":"open","template":"_template_60_40.php","meta":{"_acf_changed":false,"footnotes":""},"class_list":["post-455","page","type-page","status-publish","hentry"],"acf":[],"_links":{"self":[{"href":"https:\/\/triennale-der-moderne.de\/2013\/wp-json\/wp\/v2\/pages\/455"}],"collection":[{"href":"https:\/\/triennale-der-moderne.de\/2013\/wp-json\/wp\/v2\/pages"}],"about":[{"href":"https:\/\/triennale-der-moderne.de\/2013\/wp-json\/wp\/v2\/types\/page"}],"author":[{"embeddable":true,"href":"https:\/\/triennale-der-moderne.de\/2013\/wp-json\/wp\/v2\/users\/1"}],"replies":[{"embeddable":true,"href":"https:\/\/triennale-der-moderne.de\/2013\/wp-json\/wp\/v2\/comments?post=455"}],"version-history":[{"count":0,"href":"https:\/\/triennale-der-moderne.de\/2013\/wp-json\/wp\/v2\/pages\/455\/revisions"}],"up":[{"embeddable":true,"href":"https:\/\/triennale-der-moderne.de\/2013\/wp-json\/wp\/v2\/pages\/28"}],"wp:attachment":[{"href":"https:\/\/triennale-der-moderne.de\/2013\/wp-json\/wp\/v2\/media?parent=455"}],"curies":[{"name":"wp","href":"https:\/\/api.w.org\/{rel}","templated":true}]}}