{"id":44,"date":"2013-05-04T10:08:53","date_gmt":"2013-05-04T10:08:53","guid":{"rendered":"http:\/\/www.triennale-der-moderne.de\/2013\/\/?page_id=44"},"modified":"2013-05-04T10:08:53","modified_gmt":"2013-05-04T10:08:53","slug":"triennale-wochenende-ii","status":"publish","type":"page","link":"\/2013\/weimar\/triennale-wochenende-ii\/","title":{"rendered":"2.Triennale-Wochenende"},"content":{"rendered":"<p><strong>Fr 4.10. \u2013 So 6.10.2013<\/strong><\/p>\n<ul class=\"arrow\">\n<li>je 14 Uhr: Bauhaus-Spaziergang; Bauhaus.Atelier, Innenhof des Hauptgeb\u00e4udes Geschwister-Scholl-Stra\u00dfe 6a<\/li>\n<\/ul>\n<p>\n<strong>Sa 5.10. + So 6.10.2013<\/strong><\/p>\n<ul class=\"arrow\">\n<li>je 11 Uhr: Van-de-Velde-Spaziergang; Bauhaus.Atelier, Innenhof des Hauptgeb\u00e4udes Geschwister-Scholl-Stra\u00dfe 6a<\/li>\n<\/ul>\n<p>\n<strong>Sa 5.10.2013<\/strong><\/p>\n<ul class=\"arrow\">\n<li><a href=\"http:\/\/www.triennale-der-moderne.de\/2013\/\/weimar\/veranstaltungsorte\/nietzsche-archiv\/\" title=\"Nietzsche Archiv\">15 Uhr: F\u00fchrung durch die von Henry van de Velde gestalteten R\u00e4ume des Nietzsche Archivs<\/a><\/li>\n<\/ul>\n<p>\n<strong>So 6.10.2013<\/strong><\/p>\n<ul class=\"arrow\">\n<li><a href=\"http:\/\/www.triennale-der-moderne.de\/2013\/\/weimar\/veranstaltungsorte\/haus-hohe-pappeln\/\" title=\"Haus Hohe Pappeln\">14 Uhr: F\u00fchrung durch Henry van de Veldes Wohnhaus \u201cHaus Hohe Pappeln\u201d<\/a><\/li>\n<\/ul>\n<p><\/p>\n","protected":false},"excerpt":{"rendered":"<p>Fr 4.10. \u2013 So 6.10.2013 je 14 Uhr: Bauhaus-Spaziergang; Bauhaus.Atelier, Innenhof des Hauptgeb\u00e4udes Geschwister-Scholl-Stra\u00dfe 6a Sa 5.10. + So 6.10.2013 je 11 Uhr: Van-de-Velde-Spaziergang; Bauhaus.Atelier, Innenhof des Hauptgeb\u00e4udes Geschwister-Scholl-Stra\u00dfe 6a Sa 5.10.2013 15 Uhr: F\u00fchrung durch die von Henry van de Velde gestalteten R\u00e4ume des Nietzsche Archivs So 6.10.2013 14 Uhr: F\u00fchrung durch Henry van [&hellip;]<\/p>\n","protected":false},"author":1,"featured_media":0,"parent":8,"menu_order":9,"comment_status":"open","ping_status":"closed","template":"","meta":{"_acf_changed":false,"footnotes":""},"class_list":["post-44","page","type-page","status-publish","hentry"],"acf":[],"_links":{"self":[{"href":"https:\/\/triennale-der-moderne.de\/2013\/wp-json\/wp\/v2\/pages\/44"}],"collection":[{"href":"https:\/\/triennale-der-moderne.de\/2013\/wp-json\/wp\/v2\/pages"}],"about":[{"href":"https:\/\/triennale-der-moderne.de\/2013\/wp-json\/wp\/v2\/types\/page"}],"author":[{"embeddable":true,"href":"https:\/\/triennale-der-moderne.de\/2013\/wp-json\/wp\/v2\/users\/1"}],"replies":[{"embeddable":true,"href":"https:\/\/triennale-der-moderne.de\/2013\/wp-json\/wp\/v2\/comments?post=44"}],"version-history":[{"count":0,"href":"https:\/\/triennale-der-moderne.de\/2013\/wp-json\/wp\/v2\/pages\/44\/revisions"}],"up":[{"embeddable":true,"href":"https:\/\/triennale-der-moderne.de\/2013\/wp-json\/wp\/v2\/pages\/8"}],"wp:attachment":[{"href":"https:\/\/triennale-der-moderne.de\/2013\/wp-json\/wp\/v2\/media?parent=44"}],"curies":[{"name":"wp","href":"https:\/\/api.w.org\/{rel}","templated":true}]}}