{"id":433,"date":"2013-05-07T06:41:25","date_gmt":"2013-05-07T06:41:25","guid":{"rendered":"http:\/\/www.triennale-der-moderne.de\/2013\/\/berlin\/veranstaltungsorte\/haus-am-rupenhorn\/"},"modified":"2013-05-07T06:41:25","modified_gmt":"2013-05-07T06:41:25","slug":"haus-am-rupenhorn","status":"publish","type":"page","link":"\/2013\/berlin\/veranstaltungsorte\/haus-am-rupenhorn\/","title":{"rendered":"Haus am Rupenhorn"},"content":{"rendered":"<h4>30.9.2013 um 11 + 13 Uhr<\/h4>\n<ul class=\"arrow\">\n<li>Besichtigung Landhaus am Rupenhorn<br \/>\nAm Rupenhorn 25 \/ Heerstra\u00dfe 161, 14055 Berlin-Charlottenburg<br \/>\nmax. 15 Personen je Gruppe. <\/p>\n<li>im Haus Ausstellung: Alfons Anker, Architekt<\/li>\n<li>18 Uhr: Vortrag &#8222;Entartete Baukunst&#8220;?<br \/>\nZum Umgang mit dem Neuen Bauen 1933-1945 (Dr. des. Anke Bl\u00fcmm)<\/a><\/li>\n<p>Kostenbeitrag F\u00fchrungen und Vortrag jeweils 10\u20ac\/Person, <br \/>\nAnmeldung \u00fcber <a href=\"mailto:auftrag@kulturspionage.com\">berlin@triennale-der-moderne.de\/2013<\/a>\n<\/ul>\n<p><\/p>\n<h1>VORTRAG DR. DES. ANKE BL\u00dcMM<\/h1>\n<h2>&#8222;ENTARTETE BAUKUNST&#8220;? ZUM UMGANG MIT DEM NEUEN BAUEN 1933-1945<\/h2>\n<p>\nDas Jahr 1933 war f\u00fcr die Kunst- und Architekturmoderne ein Schicksalsjahr. Bereits im November 1933 wurden alle Kulturschaffenden wie Bildende K\u00fcnstler, Graphiker, Dichter und Musiker in der Reichskulturkammer zusammengefasst und unter staatliche Kontrolle gestellt. J\u00fcdische oder politisch unerw\u00fcnschte Personen erhielten ihre Entlassung oder Berufsverbot. \u201eEntartete Kunst\u201c wurde \u2013 verst\u00e4rkt ab 1937 \u2013 aus den Museen entfernt, diffamierend ausgestellt, gewinnbringend verwertet oder vernichtet, ebenso sind uns die \u201eEntartete Musik\u201c, die \u201eEntartete Literatur\u201c ein Begriff.<br \/>\nF\u00fcr die Architekturmoderne scheinen die Verh\u00e4ltnisse jedoch noch nicht im Detail beleuchtet. Gab es auch den Begriff der \u201eEntarteten Baukunst\u201c im Nationalsozialismus? Diese Frage liegt umso n\u00e4her, als das Bauhaus und die Architekten des Neuen Bauens sich bereits seit den 1920er Jahren harsche Angriffe von rechter Seite gefallen lassen mussten. Wie wurde nach 1933 \u00fcber die Architektur der Weimarer Republik berichtet? Ergriffen die neuen Machthaber Ma\u00dfnahmen gegen die modernen Architekten? Was passierte mit der physisch existierenden Architektur des Neuen Bauens nach 1933? Gab es vergleichbare Versuche wie bei Malerei und Plastik, die angefeindete Architektur zu beseitigen oder zumindest zu ver\u00e4ndern? Diese Frage ist umso komplexer, als immer wieder hervorgehoben wurde, dass der Industrie- und R\u00fcstungsbau im Nationalsozialismus durchaus modern gestaltet wurde.<\/p>\n<p>\nIn einem ersten Schritt soll die Berichterstattung in den zeitgen\u00f6ssischen Bauzeitschriften nach 1933 untersucht werden. Der zweite Schritt besteht in der Analyse der NS-Initiativen, den Architektenstand zu organisieren und das Baugeschehen zu kontrollieren. Abschlie\u00dfend werden einzelne \u201eEntmodernisierungen\u201c von Architektur in Berlin, Dessau und Stuttgart vorgestellt, die es nach 1933 nachweislich gegeben hat.<\/p>\n<p>\nDer Vortrag findet in Zusammenarbeit mit der Forschungsstelle &#8222;Entartete Kunst&#8220; am Kunsthistorischen Institut der Freien Universit\u00e4t Berlin statt. Sie wurde im Fr\u00fchjahr 2003 gegr\u00fcndet und feiert 2013 ihr 10j\u00e4hriges Bestehen. Zum Kernst\u00fcck der Forschungen geh\u00f6rt die Arbeit an einem Gesamtverzeichnis der 1937 in deutschen Museen beschlagnahmten Werke der \u201eEntarteten Kunst\u201c. Dieses Beschlagnahmeinventar ist als Datenbank angelegt; ein Teil steht zur Recherche im Internet zur Verf\u00fcgung:<\/p>\n<p>\n<a href=\"http:\/\/www.geschkult.fu-berlin.de\/e\/khi\/forschung\/entartete_kunst\/inventar\/index.html\" target=\"_blank\">http:\/\/www.geschkult.fu-berlin.de\/e\/khi\/forschung\/entartete_kunst\/inventar\/index.html<\/a><\/p>\n","protected":false},"excerpt":{"rendered":"<p>30.9.2013 um 11 + 13 Uhr Besichtigung Landhaus am Rupenhorn Am Rupenhorn 25 \/ Heerstra\u00dfe 161, 14055 Berlin-Charlottenburg max. 15 Personen je Gruppe. im Haus Ausstellung: Alfons Anker, Architekt 18 Uhr: Vortrag &#8222;Entartete Baukunst&#8220;? Zum Umgang mit dem Neuen Bauen 1933-1945 (Dr. des. Anke Bl\u00fcmm) Kostenbeitrag F\u00fchrungen und Vortrag jeweils 10\u20ac\/Person, Anmeldung \u00fcber berlin@triennale-der-moderne.de\/2013 VORTRAG [&hellip;]<\/p>\n","protected":false},"author":1,"featured_media":0,"parent":28,"menu_order":24,"comment_status":"open","ping_status":"open","template":"_template_60_40.php","meta":{"_acf_changed":false,"footnotes":""},"class_list":["post-433","page","type-page","status-publish","hentry"],"acf":[],"_links":{"self":[{"href":"https:\/\/triennale-der-moderne.de\/2013\/wp-json\/wp\/v2\/pages\/433"}],"collection":[{"href":"https:\/\/triennale-der-moderne.de\/2013\/wp-json\/wp\/v2\/pages"}],"about":[{"href":"https:\/\/triennale-der-moderne.de\/2013\/wp-json\/wp\/v2\/types\/page"}],"author":[{"embeddable":true,"href":"https:\/\/triennale-der-moderne.de\/2013\/wp-json\/wp\/v2\/users\/1"}],"replies":[{"embeddable":true,"href":"https:\/\/triennale-der-moderne.de\/2013\/wp-json\/wp\/v2\/comments?post=433"}],"version-history":[{"count":0,"href":"https:\/\/triennale-der-moderne.de\/2013\/wp-json\/wp\/v2\/pages\/433\/revisions"}],"up":[{"embeddable":true,"href":"https:\/\/triennale-der-moderne.de\/2013\/wp-json\/wp\/v2\/pages\/28"}],"wp:attachment":[{"href":"https:\/\/triennale-der-moderne.de\/2013\/wp-json\/wp\/v2\/media?parent=433"}],"curies":[{"name":"wp","href":"https:\/\/api.w.org\/{rel}","templated":true}]}}