{"id":40,"date":"2013-05-04T10:08:32","date_gmt":"2013-05-04T10:08:32","guid":{"rendered":"http:\/\/www.triennale-der-moderne.de\/2013\/\/?page_id=40"},"modified":"2016-01-15T18:10:22","modified_gmt":"2016-01-15T17:10:22","slug":"schwerpunkt-kontakt","status":"publish","type":"page","link":"\/2013\/weimar\/schwerpunkt-kontakt\/","title":{"rendered":"Schwerpunkt &amp; Kontakt"},"content":{"rendered":"<p>Der Belgier Henry van de Velde kam 1902 nach Weimar. Als Berater des Weimarer Gro\u00dfherzogs begr\u00fcndete er das Kunstgewerbliche Seminar und die Kunstgewerbeschule als Vorg\u00e4ngerinstitution des Bauhauses. Der Designer, Architekt und Kunsttheoretiker verbrachte bis 1917 in Weimar eine enorm produktive und wichtige Scha\u008affensperiode. Er plante und realisierte herausragende Bauten und schrieb mit zahlreichen kunstgewerblichen Objekten Designgeschichte. Anl\u00e4sslich des 150. Geburtstages des \u201eAllesk\u00fcnstlers\u201c feiert Weimar den agilen Flamen mit Ausstellungen und Veranstaltungen<br \/>\nals einflussreichen Gestalter der Moderne.<br \/>\nHenry van de Velde empfahl Walter Gropius als seinen Nachfolger. Gropius vereinigte 1919 die Kunstschule und die Kunstgewerbeschule zum Staatlichen Bauhaus Weimar und begr\u00fcndete damit die bedeutendste Hochschule f\u00fcr Gestaltung im 20. Jahrhundert. Internationale Avantgarde-K\u00fcnstler wie Lyonel Feininger, Johannes Itten, Wassily Kandinsky, Paul Klee, Oskar Schlemmer oder L\u00e1szl\u00f3 Moholy-Nagy wurden nach Weimar berufen. Die Bauh\u00e4usler schufen herausragende Leistungen in der bildenden Kunst, im Design, der Architektur und den Darstellenden K\u00fcnsten.<\/p>\n<p><\/p>\n<h1>Ansprechpartner<\/h1>\n<h2>Programm und Organisation<\/h2>\n<p>Tourist-Information Weimar<br \/>\nTel. +49 &#8211; (0)3643 &#8211; 7450<br \/>\n<a href=\"mailto:tourist-info@weimar.de\">tourist-info-at-weimar.de<\/a><\/p>\n<p><\/p>\n<h2>Information zum Programm<\/h2>\n<ul class=\"arrow\">\n<li><a href=\"http:\/\/www.triennale-der-moderne.de\/2013\/\/weimar\/sonder-veranstaltungen\/\" title=\"Sonder-Veranstaltungen\">Sonderveranstaltungen<\/a><\/li>\n<li><a href=\"http:\/\/www.triennale-der-moderne.de\/2013\/\/weimar\/triennale-wochenende-ii\/\" title=\"2.Triennale-Wochenende\">2.Triennale-Wochenende<\/a><\/li>\n<li><a href=\"http:\/\/www.triennale-der-moderne.de\/2013\/\/weimar\/komplettes-programm\/\" title=\"Komplettes Programm\">Komplettes Programm<\/a><\/li>\n<\/ul>\n","protected":false},"excerpt":{"rendered":"<p>Der Belgier Henry van de Velde kam 1902 nach Weimar. Als Berater des Weimarer Gro\u00dfherzogs begr\u00fcndete er das Kunstgewerbliche Seminar und die Kunstgewerbeschule als Vorg\u00e4ngerinstitution des Bauhauses. Der Designer, Architekt und Kunsttheoretiker verbrachte bis 1917 in Weimar eine enorm produktive und wichtige Scha\u008affensperiode. Er plante und realisierte herausragende Bauten und schrieb mit zahlreichen kunstgewerblichen Objekten [&hellip;]<\/p>\n","protected":false},"author":1,"featured_media":0,"parent":8,"menu_order":2,"comment_status":"open","ping_status":"open","template":"_template_60_40.php","meta":{"_acf_changed":false,"footnotes":""},"class_list":["post-40","page","type-page","status-publish","hentry"],"acf":[],"_links":{"self":[{"href":"https:\/\/triennale-der-moderne.de\/2013\/wp-json\/wp\/v2\/pages\/40"}],"collection":[{"href":"https:\/\/triennale-der-moderne.de\/2013\/wp-json\/wp\/v2\/pages"}],"about":[{"href":"https:\/\/triennale-der-moderne.de\/2013\/wp-json\/wp\/v2\/types\/page"}],"author":[{"embeddable":true,"href":"https:\/\/triennale-der-moderne.de\/2013\/wp-json\/wp\/v2\/users\/1"}],"replies":[{"embeddable":true,"href":"https:\/\/triennale-der-moderne.de\/2013\/wp-json\/wp\/v2\/comments?post=40"}],"version-history":[{"count":2,"href":"https:\/\/triennale-der-moderne.de\/2013\/wp-json\/wp\/v2\/pages\/40\/revisions"}],"predecessor-version":[{"id":2199,"href":"https:\/\/triennale-der-moderne.de\/2013\/wp-json\/wp\/v2\/pages\/40\/revisions\/2199"}],"up":[{"embeddable":true,"href":"https:\/\/triennale-der-moderne.de\/2013\/wp-json\/wp\/v2\/pages\/8"}],"wp:attachment":[{"href":"https:\/\/triennale-der-moderne.de\/2013\/wp-json\/wp\/v2\/media?parent=40"}],"curies":[{"name":"wp","href":"https:\/\/api.w.org\/{rel}","templated":true}]}}