{"id":365,"date":"2013-05-06T15:01:02","date_gmt":"2013-05-06T15:01:02","guid":{"rendered":"http:\/\/www.triennale-der-moderne.de\/2013\/\/weimar\/veranstaltungsorte\/bauhaus-museum-weimar\/"},"modified":"2013-05-06T15:01:02","modified_gmt":"2013-05-06T15:01:02","slug":"bauhaus-museum-weimar","status":"publish","type":"page","link":"\/2013\/weimar\/veranstaltungsorte\/bauhaus-museum-weimar\/","title":{"rendered":"Bauhaus-Museum Weimar"},"content":{"rendered":"<p>\nDas Bauhaus-Museum Weimar bietet mit mehr als 200 Exponaten einen Einblick in die Entwicklung des Staatlichen Bauhauses in Weimar, der bedeutendsten Hochschule f\u00fcr Gestaltung im 20. Jahrhundert. Es ist seit 1995 provisorisch in der Kunsthalle am Theaterplatz untergebracht. Die Klassik Stiftung Weimar bereitet derzeit den Bau eines neuen Museums vor.<br \/>\n<br \/>\nIm Fr\u00fchjahr 1919 gr\u00fcndete Walter Gropius das Bauhaus. Er berief internationale Avantgardek\u00fcnstler wie Lyonel Feininger, Johannes Itten, Wassily Kandinsky, Paul Klee, Oskar Schlemmer oder L\u00e1szl\u00f3 Moholy-Nagy nach Weimar. Auf der Basis eines neuartigen, pluralistischen Lehrprogramms mit Kreativit\u00e4tstraining, Teamwork und praxisorientierter Werkstattausbildung schufen die Bauh\u00e4usler herausragende Leistungen in der bildenden Kunst, im Design, der Architektur und den Darstellenden K\u00fcnsten.<br \/>\n<br \/>\n1925 wurde das Bauhaus aus Weimar vertrieben, zog nach Dessau und 1932 nach Berlin um. Dort wurde es 1933 von den Nationalsozialisten geschlossen. Keine andere deutsche Hochschule war so mit der politischen, wirtschaftlichen und kulturellen Entwicklung der Weimarer Republik verbunden wie das Staatliche Bauhaus. Davon zeugen heute noch die Gedenktafel am Deutschen Nationaltheater Weimar und das M\u00e4rzgefallenendenkmal f\u00fcr die Weimarer Opfer des Kapp-Putsches auf dem historischen Friedhof. Beide Mahnmale wurden von Gropius gestaltet. Die 1996 zum UNESCO-Welterbe ernannten Bauhaus-St\u00e4tten, die Hauptgeb\u00e4ude der Bauhaus-Universit\u00e4t Weimar und das Haus Am Horn, erg\u00e4nzen den Museumsrundgang.\n<\/p>\n<p>\n<strong>Bauhaus-Museum Weimar<\/strong><br \/>\nAm Theaterplatz 1 | 99423 Weimar<br \/>\nMo\u2013So 10\u201318 Uhr<br \/>\nErw. 5 \u20ac | erm. 4 \u20ac | Sch\u00fcler (16-20 J.) 1,50 \u20ac\n<\/p>\n<p>\n<strong>Veranstaltungen am Triennale-Wochenende<\/strong><br \/>\nF\u00fchrung So, 6. Okt. 2013, 13 Uhr<br \/>\nErw. 3 \u20ac | Sch\u00fcler (16\u201320 J.) 1 \u20ac\n<\/p>\n<p>\n<strong>F\u00fchrungen f\u00fcr Gruppen (max. 25 Personen)<\/strong><br \/>\nDauer: 60 Minuten<br \/>\nErwachsene 60 \u20ac | Sch\u00fcler 35 \u20ac zzgl. Eintritt<br \/>\nFremdsprachenzuschlag: 10 \u20ac\n<\/p>\n<p>\n<strong>Exkurs Bauhaus \u2014 dem Vorkurs auf der Spur<\/strong><br \/>\nF\u00fchrung durch das Bauhaus-Museum Weimar mit Aktion im Studiolo \u2014 Werkstatt f\u00fcr Klein und Gro\u00df in Schillers Wohnhaus<br \/>\nDauer: 90 Minuten<br \/>\nErw. 90 \u20ac | Sch\u00fcler 50 \u20ac zzgl. Eintritt\n<\/p>\n<p>\n<strong>Spurensuche mit dem bauhaus-bag<\/strong><br \/>\nDie bauhaus-bags sind Taschen voller kreativer Anregungen und Informationen f\u00fcr Familien mit Kindern, die sich gerne aufmachen m\u00f6chten, das Bauhaus in Weimar neu f\u00fcr sich zu entdecken.<br \/>\nAusleihe: Bauhaus-Museum Weimar<br \/>\nAusleihgeb\u00fchr: 5 \u20ac (Pfand 20 \u20ac)\n<\/p>\n<p>\nInformationen unter <a href=\"http:\/\/www.klassik-stiftung.de\">www.klassik-stiftung.de<\/a> oder <br \/>\n<a href=\"mailto:forschung.bildung@klassik-stiftung.de\">forschung.bildung@klassik-stiftung.de<\/a>\n<\/p>\n<\/p>\n<p>\n","protected":false},"excerpt":{"rendered":"<p>Das Bauhaus-Museum Weimar bietet mit mehr als 200 Exponaten einen Einblick in die Entwicklung des Staatlichen Bauhauses in Weimar, der bedeutendsten Hochschule f\u00fcr Gestaltung im 20. Jahrhundert. Es ist seit 1995 provisorisch in der Kunsthalle am Theaterplatz untergebracht. Die Klassik Stiftung Weimar bereitet derzeit den Bau eines neuen Museums vor. Im Fr\u00fchjahr 1919 gr\u00fcndete Walter [&hellip;]<\/p>\n","protected":false},"author":1,"featured_media":0,"parent":48,"menu_order":0,"comment_status":"open","ping_status":"open","template":"_template_60_40.php","meta":{"_acf_changed":false,"footnotes":""},"class_list":["post-365","page","type-page","status-publish","hentry"],"acf":[],"_links":{"self":[{"href":"https:\/\/triennale-der-moderne.de\/2013\/wp-json\/wp\/v2\/pages\/365"}],"collection":[{"href":"https:\/\/triennale-der-moderne.de\/2013\/wp-json\/wp\/v2\/pages"}],"about":[{"href":"https:\/\/triennale-der-moderne.de\/2013\/wp-json\/wp\/v2\/types\/page"}],"author":[{"embeddable":true,"href":"https:\/\/triennale-der-moderne.de\/2013\/wp-json\/wp\/v2\/users\/1"}],"replies":[{"embeddable":true,"href":"https:\/\/triennale-der-moderne.de\/2013\/wp-json\/wp\/v2\/comments?post=365"}],"version-history":[{"count":0,"href":"https:\/\/triennale-der-moderne.de\/2013\/wp-json\/wp\/v2\/pages\/365\/revisions"}],"up":[{"embeddable":true,"href":"https:\/\/triennale-der-moderne.de\/2013\/wp-json\/wp\/v2\/pages\/48"}],"wp:attachment":[{"href":"https:\/\/triennale-der-moderne.de\/2013\/wp-json\/wp\/v2\/media?parent=365"}],"curies":[{"name":"wp","href":"https:\/\/api.w.org\/{rel}","templated":true}]}}