{"id":350,"date":"2013-05-06T14:44:58","date_gmt":"2013-05-06T14:44:58","guid":{"rendered":"http:\/\/www.triennale-der-moderne.de\/2013\/\/weimar\/veranstaltungsorte\/haus-hohe-pappeln\/"},"modified":"2013-05-06T14:44:58","modified_gmt":"2013-05-06T14:44:58","slug":"haus-hohe-pappeln","status":"publish","type":"page","link":"\/2013\/weimar\/veranstaltungsorte\/haus-hohe-pappeln\/","title":{"rendered":"Haus Hohe Pappeln"},"content":{"rendered":"<p>Im Sommer 1906 erwarb Henry van de Velde ein mit hohen Pappeln ges\u00e4umtes Grundst\u00fcck an der Belvederer Allee und entwarf hierf\u00fcr sein zweites eigenes Wohnhaus. Mit dem Haus Hohe Pappeln verwirklichte er ein Gesamtkunstwerk, das Architektur, Raumausstattung und bildende Kunst harmonisch zusammenband. In dem von einem liebevoll gepflegten Garten umgebenen Heim wuchsen seine f\u00fcnf Kinder \u00bbohne konventionellen Zwang\u00ab (van de Velde) heran. Bis zur Emigration der Familie w\u00e4hrend des Ersten Weltkrieges gingen hier zahlreiche K\u00fcnstlerkollegen ein und aus, unter ihnen Hugo von Hofmannsthal, Richard Dehmel, Pierre Bonnard oder Edvard Munch.<br \/>\nDie Klassik Stiftung Weimar hat das kulturhistorisch wertvolle K\u00fcnstlerhaus aufw\u00e4ndig restauriert und zeigt M\u00f6bel der Familie von M\u00fcnchhausen, die 1904 von Henry van de Velde gestaltet wurden. Kunstgewerbliche Objekte und Informationen zur Biographie erg\u00e4nzen die Pr\u00e4sentation. Die Besichtigung umfasst den Garten und den repr\u00e4sentativen Wohnbereich in der Beletage mit Salon, Speisezimmer, Arbeitszimmer und Wohndiele.\n<\/p>\n<p>\n<strong>Haus Hohe Pappeln<\/strong><br \/>\nBelvederer Allee 58 | 99432 Weimar<br \/>\nDi\u2013So | 11\u201317 Uhr<br \/>\nErw. 2,50 \u20ac | erm. 2 \u20ac | Sch\u00fcler (16\u201320 J.) 0,50 \u20ac\n<\/p>\n<p>\n<strong>Veranstaltung am Triennale-Wochenende<\/strong><br \/>\nF\u00fchrung So, 6. Okt. 2013, 13 Uhr<br \/>\nErw. 3 \u20ac | Sch\u00fcler (16\u201320 J.) 1 \u20ac<\/p>\n","protected":false},"excerpt":{"rendered":"<p>Im Sommer 1906 erwarb Henry van de Velde ein mit hohen Pappeln ges\u00e4umtes Grundst\u00fcck an der Belvederer Allee und entwarf hierf\u00fcr sein zweites eigenes Wohnhaus. Mit dem Haus Hohe Pappeln verwirklichte er ein Gesamtkunstwerk, das Architektur, Raumausstattung und bildende Kunst harmonisch zusammenband. In dem von einem liebevoll gepflegten Garten umgebenen Heim wuchsen seine f\u00fcnf Kinder [&hellip;]<\/p>\n","protected":false},"author":1,"featured_media":0,"parent":48,"menu_order":7,"comment_status":"open","ping_status":"open","template":"_template_60_40.php","meta":{"_acf_changed":false,"footnotes":""},"class_list":["post-350","page","type-page","status-publish","hentry"],"acf":[],"_links":{"self":[{"href":"https:\/\/triennale-der-moderne.de\/2013\/wp-json\/wp\/v2\/pages\/350"}],"collection":[{"href":"https:\/\/triennale-der-moderne.de\/2013\/wp-json\/wp\/v2\/pages"}],"about":[{"href":"https:\/\/triennale-der-moderne.de\/2013\/wp-json\/wp\/v2\/types\/page"}],"author":[{"embeddable":true,"href":"https:\/\/triennale-der-moderne.de\/2013\/wp-json\/wp\/v2\/users\/1"}],"replies":[{"embeddable":true,"href":"https:\/\/triennale-der-moderne.de\/2013\/wp-json\/wp\/v2\/comments?post=350"}],"version-history":[{"count":0,"href":"https:\/\/triennale-der-moderne.de\/2013\/wp-json\/wp\/v2\/pages\/350\/revisions"}],"up":[{"embeddable":true,"href":"https:\/\/triennale-der-moderne.de\/2013\/wp-json\/wp\/v2\/pages\/48"}],"wp:attachment":[{"href":"https:\/\/triennale-der-moderne.de\/2013\/wp-json\/wp\/v2\/media?parent=350"}],"curies":[{"name":"wp","href":"https:\/\/api.w.org\/{rel}","templated":true}]}}