{"id":32,"date":"2013-05-04T10:07:49","date_gmt":"2013-05-04T10:07:49","guid":{"rendered":"http:\/\/www.triennale-der-moderne.de\/2013\/\/?page_id=32"},"modified":"2013-05-04T10:07:49","modified_gmt":"2013-05-04T10:07:49","slug":"sonder-veranstaltungen","status":"publish","type":"page","link":"\/2013\/dessau\/sonder-veranstaltungen\/","title":{"rendered":"Sonder-Veranstaltungen"},"content":{"rendered":"<p><strong>27.3 \u2013 30.6.2013<\/strong><\/p>\n<ul class=\"arrow\">\n<li><a href=\"http:\/\/www.triennale-der-moderne.de\/2013\/\/dessau\/veranstaltungsorte\/bauhaus-in-kalkutta\/\" title=\"Bauhaus in Kalkutta\">Ausstellung \u201eDas Bauhaus in Kalkutta\u201c;  Veranstalter: Stiftung Bauhaus Dessau, Ort: Bauhausgeb\u00e4ude, Gropiusallee 38<\/a><\/li>\n<\/ul>\n<p><strong>27.6 \u2013 13.11.2013<\/strong><\/p>\n<ul class=\"arrow\">\n<li><a href=\"http:\/\/www.triennale-der-moderne.de\/2013\/\/dessau\/veranstaltungsorte\/vom-bauhaus-nach-palestina\/\" title=\"Vom Bauhaus nach Palestina\">Ausstellung \u201eVom Bauhaus nach Pal\u00e4stina: Chanan Frenkel, Ricarda und Heinz Schwerin; Haus Klee\/Haus Kandinsky; Veranstalter: Stiftung Bauhaus Dessau, Ort: Haus Klee\/Haus Kandinsky, Ebertallee 65\/67, 06844 Dessau; \u00d6ffnungszeiten: Di\u2013So, 10\u201317 Uhr<\/a><\/li>\n<\/ul>\n<p><strong>6.9 + 7.9.2013<\/strong><\/p>\n<ul class=\"arrow\">\n<li><a href=\"http:\/\/www.triennale-der-moderne.de\/2013\/\/dessau\/veranstaltungsorte\/bauhaus-farbfest\/\" title=\"Bauhaus Farbfest\">Veranstaltung \u201e16. Bauhausfest\/Farbfest\u201c; Veranstalter: Stiftung Bauhaus<br \/>\nDessau Ort: Bauhausgeb\u00e4ude, Gropiusallee 38<\/a>\n<\/li>\n<\/ul>\n<p><strong>7.10.2013<\/strong><\/p>\n<ul class=\"arrow\">\n<li>16 Uhr: Er\u00f6ffnung Besucherzentrum; Gru\u00dfwort OB Klemens Koschig, Stadt Dessau-Ro\u00dflau; BMVBS \/ BBSR;<br \/>\nDr. Klaus Klang (Staatssekret\u00e4r  Ministerium f\u00fcr Landesentwicklung und Verkehr LSA); Michael Kretschmer (stellvertretender Fraktionsvorsitzender CDU\/CSU); Philipp Oswalt, Direktor SBD. Anschlie\u00dfend ab 18 Uhr: Vortragsprogramm, u. a. mit Lars M\u00f8rch Finborud (\u201eDie Norwegerin Marianne Brandt\u201c); Ort: Aula im Bauhausgeb\u00e4ude, Gropiusallee 38, 06844 Dessau<\/li>\n<\/ul>\n<p><strong>Oktober 2013<\/strong><\/p>\n<ul class=\"arrow\">\n<li><a href=\"http:\/\/www.triennale-der-moderne.de\/2013\/dessau\/veranstaltungsorte\/ernst-neufert-leben-und-werk\/\" title=\"Ernst Neufert \u2013 Leben und Werk\">Ausstellung \u201eErnst Neufert\u201c; Vernissage: Do, 10.10. 2013; Vortragsprogramm ab 14:00&nbsp;Uhr; Einf\u00fchrung und Er\u00f6ffnung der Ausstellung: 17:00&nbsp;Uhr; Veranstaltungsort: Hochschule Anhalt, Campus Dessau, Geb.&nbsp;04, Bill-Haus, Seminarplatz&nbsp;2a, 06846&nbsp;Dessau, Foyer<\/a><\/li>\n<\/ul>\n<p><strong>ganzj\u00e4hrig, jeweils Di &#8211; Do, Sa, So.: 10 \u2013 17 Uhr<\/strong><\/p>\n<ul class=\"arrow\">\n<li><a href=\"http:\/\/www.triennale-der-moderne.de\/2013\/dessau\/veranstaltungsorte\/ausstellung-schauplatz-vernunftiger-menschen\/\" title=\"Ausstellung \u201cSchauplatz vern\u00fcnftiger Menschen\u201d\">Dauerausstellung \u201eSchauplatz vern\u00fcnftiger Menschen. Kultur und Geschichte in Anhalt|Dessau\u201c<br \/>\nOrt: Museum f\u00fcr Stadtgeschichte Dessau im Johannbau, T\u00f6rtener Str. 44<\/a><\/li>\n<\/ul>\n","protected":false},"excerpt":{"rendered":"<p>27.3 \u2013 30.6.2013 Ausstellung \u201eDas Bauhaus in Kalkutta\u201c; Veranstalter: Stiftung Bauhaus Dessau, Ort: Bauhausgeb\u00e4ude, Gropiusallee 38 27.6 \u2013 13.11.2013 Ausstellung \u201eVom Bauhaus nach Pal\u00e4stina: Chanan Frenkel, Ricarda und Heinz Schwerin; Haus Klee\/Haus Kandinsky; Veranstalter: Stiftung Bauhaus Dessau, Ort: Haus Klee\/Haus Kandinsky, Ebertallee 65\/67, 06844 Dessau; \u00d6ffnungszeiten: Di\u2013So, 10\u201317 Uhr 6.9 + 7.9.2013 Veranstaltung \u201e16. Bauhausfest\/Farbfest\u201c; [&hellip;]<\/p>\n","protected":false},"author":1,"featured_media":0,"parent":7,"menu_order":8,"comment_status":"open","ping_status":"open","template":"","meta":{"_acf_changed":false,"footnotes":""},"class_list":["post-32","page","type-page","status-publish","hentry"],"acf":[],"_links":{"self":[{"href":"https:\/\/triennale-der-moderne.de\/2013\/wp-json\/wp\/v2\/pages\/32"}],"collection":[{"href":"https:\/\/triennale-der-moderne.de\/2013\/wp-json\/wp\/v2\/pages"}],"about":[{"href":"https:\/\/triennale-der-moderne.de\/2013\/wp-json\/wp\/v2\/types\/page"}],"author":[{"embeddable":true,"href":"https:\/\/triennale-der-moderne.de\/2013\/wp-json\/wp\/v2\/users\/1"}],"replies":[{"embeddable":true,"href":"https:\/\/triennale-der-moderne.de\/2013\/wp-json\/wp\/v2\/comments?post=32"}],"version-history":[{"count":0,"href":"https:\/\/triennale-der-moderne.de\/2013\/wp-json\/wp\/v2\/pages\/32\/revisions"}],"up":[{"embeddable":true,"href":"https:\/\/triennale-der-moderne.de\/2013\/wp-json\/wp\/v2\/pages\/7"}],"wp:attachment":[{"href":"https:\/\/triennale-der-moderne.de\/2013\/wp-json\/wp\/v2\/media?parent=32"}],"curies":[{"name":"wp","href":"https:\/\/api.w.org\/{rel}","templated":true}]}}