{"id":30,"date":"2013-05-04T10:07:40","date_gmt":"2013-05-04T10:07:40","guid":{"rendered":"http:\/\/www.triennale-der-moderne.de\/2013\/\/?page_id=30"},"modified":"2016-01-15T18:00:50","modified_gmt":"2016-01-15T17:00:50","slug":"schwerpunkt-kontakt","status":"publish","type":"page","link":"\/2013\/dessau\/schwerpunkt-kontakt\/","title":{"rendered":"Schwerpunkt &amp; Kontakt"},"content":{"rendered":"<p>Jeder verbindet mit Dessau die Ikone in Gestalt des Bauhausgeb\u00e4udes von Walter Gropius aus dem Jahr 1926. Doch auch die architektonischen Werke von Hannes Meyer, Carl Fieger oder Richard Paulick sind in der einstigen Residenzstadt an der Mulde zu entdecken. Vom Arbeitsamt und dem Kornhaus bis hin zur Siedlung T\u00f6rten \u2013 nirgendwo sonst l\u00e4sst sich Bauhausarchitektur in ihrer ganzen Vielfalt verstehen.<br \/>\nDessau ist aber nicht nur Bauhaus, sondern hat auch einen Ruf als Laboratorium des 20. Jahrhunderts. Der Frage nach dem Wohnen der Zukunft stellten sich auch Leberecht Migge und der Loos-Sch\u00fcler Leopold Fischer, Kurt Weill kam hier mit Musik in Ber\u00fchrung, der Flugzeugpionier Hugo Junkers baute in Dessau nicht nur das erste Leichtmetallflugzeug, er entwarf auch M\u00f6bel und entwickelte Hallen, Br\u00fccken und H\u00e4user.<br \/>\nZur NS-Zeit wurde die Stadt dann zur R\u00fcstungsfabrik. Neben zahlreichen Fabrik- und Wohnbauten f\u00fcr die Flugzeugwerke entstanden auch die Produktionsst\u00e4tten f\u00fcr Zyklon-B und zahlreiche Zwangsarbeitslager. Das die Moderne nicht nur verhei\u00dfungsvoll und befreiend war, sondern auch abgr\u00fcndigen Seiten hatte, kann man in Dessau eindrucksvoll nachvollziehen.<\/p>\n<p><\/p>\n<h1>Ansprechpartner<\/h1>\n<h2>Programm und Organisation<\/h2>\n<p>Stiftung Bauhaus Dessau<br \/>\nTel. +49 &#8211; (0)340 &#8211; 6508-250<br \/>\n<a href=\"mailto:service@bauhaus-dessau.de\">service-at-bauhaus-dessau.de<\/a><\/p>\n<p><\/p>\n<h2>Information zum Programm<\/h2>\n<ul class=\"arrow\">\n<li><a href=\"http:\/\/www.triennale-der-moderne.de\/2013\/\/dessau\/sonder-veranstaltungen\/\" title=\"Sonder-Veranstaltungen\">Sonderveranstaltungen<\/a><\/li>\n<li><a href=\"http:\/\/www.triennale-der-moderne.de\/2013\/\/dessau\/triennale-wochenende-iii\/\" title=\"3.Triennale-Wochenende\">3.Triennale-Wochenende<\/a><\/li>\n<li><a href=\"http:\/\/www.triennale-der-moderne.de\/2013\/\/dessau\/komplettes-programm\/\" title=\"Komplettes Programm\">Komplettes Programm<\/a><\/li>\n<\/ul>\n","protected":false},"excerpt":{"rendered":"<p>Jeder verbindet mit Dessau die Ikone in Gestalt des Bauhausgeb\u00e4udes von Walter Gropius aus dem Jahr 1926. Doch auch die architektonischen Werke von Hannes Meyer, Carl Fieger oder Richard Paulick sind in der einstigen Residenzstadt an der Mulde zu entdecken. Vom Arbeitsamt und dem Kornhaus bis hin zur Siedlung T\u00f6rten \u2013 nirgendwo sonst l\u00e4sst sich [&hellip;]<\/p>\n","protected":false},"author":1,"featured_media":0,"parent":7,"menu_order":0,"comment_status":"open","ping_status":"open","template":"_template_60_40.php","meta":{"_acf_changed":false,"footnotes":""},"class_list":["post-30","page","type-page","status-publish","hentry"],"acf":[],"_links":{"self":[{"href":"https:\/\/triennale-der-moderne.de\/2013\/wp-json\/wp\/v2\/pages\/30"}],"collection":[{"href":"https:\/\/triennale-der-moderne.de\/2013\/wp-json\/wp\/v2\/pages"}],"about":[{"href":"https:\/\/triennale-der-moderne.de\/2013\/wp-json\/wp\/v2\/types\/page"}],"author":[{"embeddable":true,"href":"https:\/\/triennale-der-moderne.de\/2013\/wp-json\/wp\/v2\/users\/1"}],"replies":[{"embeddable":true,"href":"https:\/\/triennale-der-moderne.de\/2013\/wp-json\/wp\/v2\/comments?post=30"}],"version-history":[{"count":1,"href":"https:\/\/triennale-der-moderne.de\/2013\/wp-json\/wp\/v2\/pages\/30\/revisions"}],"predecessor-version":[{"id":2193,"href":"https:\/\/triennale-der-moderne.de\/2013\/wp-json\/wp\/v2\/pages\/30\/revisions\/2193"}],"up":[{"embeddable":true,"href":"https:\/\/triennale-der-moderne.de\/2013\/wp-json\/wp\/v2\/pages\/7"}],"wp:attachment":[{"href":"https:\/\/triennale-der-moderne.de\/2013\/wp-json\/wp\/v2\/media?parent=30"}],"curies":[{"name":"wp","href":"https:\/\/api.w.org\/{rel}","templated":true}]}}