{"id":24,"date":"2013-05-04T10:07:09","date_gmt":"2013-05-04T10:07:09","guid":{"rendered":"http:\/\/www.triennale-der-moderne.de\/2013\/\/?page_id=24"},"modified":"2013-05-04T10:07:09","modified_gmt":"2013-05-04T10:07:09","slug":"triennale-wochenende-i","status":"publish","type":"page","link":"\/2013\/berlin\/triennale-wochenende-i\/","title":{"rendered":"1.Triennale-Wochenende"},"content":{"rendered":"<p><strong>Freitag 27.9.2013<\/strong><\/p>\n<ul class=\"arrow\">\n<li><a title=\"Er\u00f6ffnungsvortrag in der Architektenkammer\" href=\"http:\/\/www.triennale-der-moderne.de\/2013\/berlin\/veranstaltungsorte\/eroffnungsvortrag-der-architektenkammer\/\">19 Uhr: Er\u00f6ffnung der Triennale-Wochen mit \u201eDas Bauhaus in Berlin 1932\/33\u2033 \u2013 Vortrag von Dr. Annemarie Jaeggi, Direktorin Bauhaus-Archiv und Buchpr\u00e4sentation; Ort: Architektenkammer Berlin, Alte Jakobstr. 149; Eintritt frei, begrenzte Platzzahl,<br \/>\nAnmeldung \u00fcber <\/a><a href=\"mailto:auftrag@kulturspionage.com\">auftrag-at-kulturspionage.com<\/a><\/li>\n<\/ul>\n<p>\n<strong>Samstag 28.9.2013<\/strong><\/p>\n<ul class=\"arrow\">\n<li><a title=\"Ehemalige Bundesschule des AGDB Bernau\" href=\"http:\/\/www.triennale-der-moderne.de\/2013\/berlin\/veranstaltungsorte\/ehemalige-bundesschule-des-agdb-bernau\/\">11 Uhr: Besichtigung und F\u00fchrung \u201eADGB-Bundesschule Bernau\u201c; Veranstalter: Handwerkskammer Brandenburg mit Brenne-Architekten; Treffpunkt: am Haupteingang, Teilnehmerzahl max. 30 Pers., kein Eintritt, Anmeldung \u00fcber <a href=\"mailto:auftrag@kulturspionage.com\">auftrag-at-kulturspionage.com<\/a><\/li>\n<\/ul>\n<ul class=\"arrow\">\n<li><a title=\"Ticket B \u2013 Stadtf\u00fchrungen f\u00fcr Architekten\" href=\"http:\/\/www.triennale-der-moderne.de\/2013\/\/berlin\/veranstaltungsorte\/ticket-b\/\">11 Uhr: F\u00fchrung durch die Ringsiedlung Siemensstadt mit Wohnungsbesichtigung, 2h, 10\u20ac p.P., Anmeldung unter <\/a><a href=\"mailto:info@ticket-b.de\">info-at-ticket-b.de<\/a><\/li>\n<\/ul>\n<ul class=\"arrow\">\n<li><a title=\"Reichsforschungssiedlung Haselhorst\" href=\"http:\/\/www.triennale-der-moderne.de\/2013\/\/berlin\/veranstaltungsorte\/siedlung-haselhorst\/\">13 Uhr: F\u00fchrung durch die Siedlung Haselhorst; Veranstalter: GEWOBAG, Michael Bienert, Treffpunkt: U-Bhf Haselhorst, Ausgang Gorgasring.<\/a><\/li>\n<\/ul>\n<ul class=\"arrow\">\n<li><a title=\"J\u00fcdische Architekten-Busrundfahrt am 28.9.\" href=\"http:\/\/www.triennale-der-moderne.de\/2013\/berlin\/veranstaltungsorte\/judische-architekten-busrundfahrt-28-9\/\">15 Uhr: Thematische Busfahrt zu Bauten j\u00fcdischer Architekten. Villen und Landh\u00e4user in Charlottenburg und Dahlem; Veranstalter: Gesellschaft zur Erforschung des Lebens und Wirkens j\u00fcdischer Architekten e.V.; Treffpunkt und weitere Angaben: siehe Details<\/a> \u2013 <b>Anmeldung nicht mehr m\u00f6glich, da F\u00fchrung ausgebucht!<\/b><\/li>\n<\/ul>\n<ul class=\"arrow\">\n<li><a title=\"Siedlung am Schillerpark\" href=\"http:\/\/www.triennale-der-moderne.de\/2013\/berlin\/veranstaltungsorte\/siedlung-schillerpark\/\">15 Uhr: Die dreifache gr\u00fcne Moderne \u2013 Schillerpark um 1910 und Siedlung Schillerpark 20er bis 50er Jahre. Veranstalter: Landesdenkmalamt Berlin, Klaus Lingenauber + Landschaftsarchitekt Klaus Peter Hackenberg; Treffpunkt: Kiosk Bristolstra\u00dfe \/ Ecke Dubliner Stra\u00dfe; Teilnehmerzahl max. 30 Personen, Anmeldung \u00fcber <a href=\"mailto:auftrag@kulturspionage.com\">auftrag-at-kulturspionage.com<\/li>\n<\/ul>\n<ul class=\"arrow\">\n<li>17 Uhr: Besichtigung der Atelierwohnung von Hans Scharoun in Charlottenburg-Nord und Teile der Ringsiedlung Siemensstadt und der Gro\u00dfsiedlung Charlottenburg Nord. Im Anschluss besteht die M\u00f6glichkeit, die Ausstellung \u201eArchitekturfotografie in Berliner Siedlungen \u2013 Gestern und heute\u201c in der Infostation zu besuchen. Treffpunkt: Infostation Siemensstadt, Goebelstra\u00dfe 2\u201310, 13627 Berlin, Dauer 2h, Eintritt: 10\u20ac p. P., Anmeldung unter <a href=\"mailto:info@ticket-b.de\">info-at-ticket-b.de<\/a><\/li>\n<\/ul>\n<ul class=\"arrow\">\n<li><a title=\"Ticket B\" href=\"http:\/\/www.triennale-der-moderne.de\/2013\/\/berlin\/veranstaltungsorte\/ticket-b\/\">20 Uhr: Ausstellungser\u00f6ffnung \u201eArchitekturfotografie in Berliner Siedlungen \u2013 Gestern und heute\u201c; Veranstalter: Ticket B, Ort: Infostation Siemensstadt, Goebelstr. 2-10<\/a><\/li>\n<\/ul>\n<p>\n<strong>Sonntag 29.9.2013<\/strong><\/p>\n<ul class=\"arrow\">\n<li><a title=\"Ticket B \u2013 Stadtf\u00fchrungen f\u00fcr Architekten\" href=\"http:\/\/www.triennale-der-moderne.de\/2013\/\/berlin\/veranstaltungsorte\/ticket-b\/\">10 Uhr: F\u00fchrung durch die Onkel-Tom-Siedlung und ehemalige SS-Kameradschaftssiedlung Quermatenweg; anschl. Besuch Haus Werner\/ Haus Perls\/Haus Fuchs von Mies van der Rohe, 2h, 10\u20ac p.P., Anmeldung unter <a href=\"mailto:info@ticket-b.de\">info-at-ticket-b.de<\/a><\/li>\n<\/ul>\n<ul class=\"arrow\">\n<li>11 Uhr: F\u00fchrung durch die Ausstellung \u201eDrei Kontinente &#8211; sieben L\u00e4nder &#8211; Werke von Erich Mendelsohn aus der Architektursammlung der Kunstbibliothek\u201c<\/li>\n<\/ul>\n<ul class=\"arrow\">\n<li><a title=\"Museum Neukoelln\" href=\"http:\/\/www.triennale-der-moderne.de\/2013\/\/berlin\/veranstaltungsorte\/museum-neukoelln\/\">11 Uhr: Ausstellungsf\u00fchrung \u201eEnde einer Idylle? Die Hufeisen- und Krugpfuhlsiedlung vor und nach 1933\u201c; Veranstalter\/Ort: Museum Neuk\u00f6lln, Alt-Britz 81<\/a><\/li>\n<\/ul>\n<ul class=\"arrow\">\n<li><a title=\"Tautes Heim\" href=\"http:\/\/www.triennale-der-moderne.de\/2013\/\/berlin\/veranstaltungsorte\/tautes-heim\/\">14 Uhr: F\u00fchrung durch die Hufeisensiedlung mit Besichtigung des denkmalgerecht restaurierten Ferienhauses \u201eTautes Heim\u201c, ausgezeichnet mit dem Europa Nostra Award 2013, Veranstalter: Katrin Lesser \/ Ben Buschfeld, Treffpunkt: Treppe vorm Hufeisen, Fritz-Reuter-Allee; begrenzte Personenzahl, Anmeldung erforderlich unter <a href=\"mailto:info@tautes-heim.de\">info-at-tautes-heim.de<\/a> \u2013 <b>Anmeldung nicht mehr m\u00f6glich, da F\u00fchrung ausgebucht!<\/b><\/li>\n<\/ul>\n<ul class=\"arrow\">\n<li><a title=\"Bauhaus-Archiv \u2013 Museum f\u00fcr Gestaltung\" href=\"http:\/\/www.triennale-der-moderne.de\/2013\/\/berlin\/veranstaltungsorte\/bauhaus-archiv\/\">14 Uhr deutsch + 15 Uhr englisch: F\u00fchrung Zu den Schl\u00fcsselwerken der Moderne \/ \u201eSituation der Bauh\u00e4usler nach 1933\u201c; Veranstalter\/Ort: Bauhaus-Archiv \/ Museum f\u00fcr Gestaltung; F\u00fchrung kostenfrei, zzgl. Museumseintritt 7\u20ac, erm. 4\u20ac<\/a><\/li>\n<\/ul>\n<ul class=\"arrow\">\n<li><a title=\"Ticket B\" href=\"http:\/\/www.triennale-der-moderne.de\/2013\/\/berlin\/veranstaltungsorte\/ticket-b\/\">15 Uhr: F\u00fchrung \u201eNationalsozialismus in der Siemensstadt\u201c; Veranstalter: Pfarrerin Christine Pohl \/ Ticket B; Ort: Christophorus-Kirche, Schuckertdamm 338. Im Anschluss Diskussion und Spaziergang durch die Ringsiedlung zur Fotoausstellung in der Infostation Siemensstadt<\/a><\/li>\n<\/ul>\n<ul class=\"arrow\">\n<li><a title=\"Museum Neuk\u00f6lln\" href=\"http:\/\/www.triennale-der-moderne.de\/2013\/\/berlin\/veranstaltungsorte\/museum-neukoelln\/\">16 Uhr: Vortrag \u201eBewohnerschicksale in der Hufeisen\u00adiedlung\u201c; Museum Neuk\u00f6lln<\/a><\/li>\n<\/ul>\n<p>&nbsp;<\/p>\n<p>&nbsp;<\/p>\n","protected":false},"excerpt":{"rendered":"<p>Freitag 27.9.2013 19 Uhr: Er\u00f6ffnung der Triennale-Wochen mit \u201eDas Bauhaus in Berlin 1932\/33\u2033 \u2013 Vortrag von Dr. Annemarie Jaeggi, Direktorin Bauhaus-Archiv und Buchpr\u00e4sentation; Ort: Architektenkammer Berlin, Alte Jakobstr. 149; Eintritt frei, begrenzte Platzzahl, Anmeldung \u00fcber auftrag-at-kulturspionage.com Samstag 28.9.2013 11 Uhr: Besichtigung und F\u00fchrung \u201eADGB-Bundesschule Bernau\u201c; Veranstalter: Handwerkskammer Brandenburg mit Brenne-Architekten; Treffpunkt: am Haupteingang, Teilnehmerzahl max. [&hellip;]<\/p>\n","protected":false},"author":1,"featured_media":0,"parent":6,"menu_order":0,"comment_status":"open","ping_status":"open","template":"","meta":{"_acf_changed":false,"footnotes":""},"class_list":["post-24","page","type-page","status-publish","hentry"],"acf":[],"_links":{"self":[{"href":"https:\/\/triennale-der-moderne.de\/2013\/wp-json\/wp\/v2\/pages\/24"}],"collection":[{"href":"https:\/\/triennale-der-moderne.de\/2013\/wp-json\/wp\/v2\/pages"}],"about":[{"href":"https:\/\/triennale-der-moderne.de\/2013\/wp-json\/wp\/v2\/types\/page"}],"author":[{"embeddable":true,"href":"https:\/\/triennale-der-moderne.de\/2013\/wp-json\/wp\/v2\/users\/1"}],"replies":[{"embeddable":true,"href":"https:\/\/triennale-der-moderne.de\/2013\/wp-json\/wp\/v2\/comments?post=24"}],"version-history":[{"count":0,"href":"https:\/\/triennale-der-moderne.de\/2013\/wp-json\/wp\/v2\/pages\/24\/revisions"}],"up":[{"embeddable":true,"href":"https:\/\/triennale-der-moderne.de\/2013\/wp-json\/wp\/v2\/pages\/6"}],"wp:attachment":[{"href":"https:\/\/triennale-der-moderne.de\/2013\/wp-json\/wp\/v2\/media?parent=24"}],"curies":[{"name":"wp","href":"https:\/\/api.w.org\/{rel}","templated":true}]}}