{"id":22,"date":"2013-05-04T10:06:56","date_gmt":"2013-05-04T10:06:56","guid":{"rendered":"http:\/\/www.triennale-der-moderne.de\/2013\/\/?page_id=22"},"modified":"2013-05-04T10:06:56","modified_gmt":"2013-05-04T10:06:56","slug":"sonder-veranstaltungen","status":"publish","type":"page","link":"\/2013\/berlin\/sonder-veranstaltungen\/","title":{"rendered":"Sonder-Veranstaltungen"},"content":{"rendered":"<p><strong>15.3.2013<\/strong><\/p>\n<ul class=\"arrow\">\n<li>27. Berliner Denkmaltag \u201eZerst\u00f6rte Vielfalt \u2013 Berliner Denkmale im Nationalsozialismus\u201c, Vortr\u00e4ge zum Themenjahr \u201eZerst\u00f6rte Vielfalt\u201c; Veranstalter: Landesdenkmalamt Berlin, Ort: Altes Stadthaus, Klosterstr. 47<\/li>\n<\/ul>\n<p><strong>21.3.2013<\/strong><\/p>\n<ul class=\"arrow\">\n<li>Filmvorf\u00fchrung aus Anlass des Geburtstages \u201e<span class=\"mendelsohn trigger\">Erich Mendelsohn<\/span> \u2013 Visionen f\u00fcr die Ewigkeit\u201c und Ausstellungs\u00ader\u00f6ffnung \u201e<span class=\"mendelsohn trigger\">Erich Mendelsohn<\/span>: Berlin \u2013 Jerusalem\u201c; Veranstalter\/Ort: Architekten\u00adkammer Berlin, IG-Metallhaus, Alte Jakobstr. 149<\/li>\n<\/ul>\n<p><strong>21.3. \u2013 30.09.2013<\/strong><\/p>\n<ul class=\"arrow\">\n<li>Ausstellung &#8222;<span class=\"mendelsohn trigger\">Erich Mendelsohn<\/span>: Berlin &#8211; Jerusalem&#8220; mit<br \/>\nFotografien von Carsten Krohn; Veranstalter\/Ort: Architekten\u00adkammer Berlin, IG-Metallhaus, Alte Jakobstr. 149<\/li>\n<\/ul>\n<p><strong>18.5. \u2013 31.12.2013<\/strong><\/p>\n<ul class=\"arrow\">\n<li><a href=\"http:\/\/www.triennale-der-moderne.de\/2013\/\/berlin\/veranstaltungsorte\/museum-neukoelln\/\" title=\"Museum Neukoelln\">Ausstellung \u201eEnde einer Idylle? Die Hufeisen- und Krugpfuhlsiedlung vor und nach 1933\u201c; Veranstalter\/Ort: Museum Neuk\u00f6lln im Kulturhof Britz, Alt-Britz 81<\/a><\/li>\n<\/ul>\n<p><strong>2.6.2013 (Welterbetag)<\/strong><\/p>\n<ul class=\"arrow\">\n<li><a href=\"http:\/\/www.stadtentwicklung.berlin.de\/aktuell\/kalender\/kalender_detail.php?id=3517\" target=\"_blank\">Veranstaltung Denkmalsalon \u201eWei\u00dfe Stadt Berlin \u2013 Wei\u00dfe Stadt Tel Aviv\u201c; Veranstalter: Landesdenkmalamt Berlin, Ort: Rotes Rathaus am Alexanderplatz<\/a><\/li>\n<li>16 Uhr: F\u00fchrung durch die Siemensstadt; Veranstalter: Ticket-B; Treffpunkt: Infostation Siemensstadt, Goebelstra\u00dfe 2-10. 13627 Berlin; Kosten: 10\u20ac p.P.<\/li>\n<\/ul>\n<p><strong>14.6.2013<\/strong><\/p>\n<ul class=\"arrow\">\n<li>12 Uhr: 1. Pressekonferenz zur \u201eTriennale der Moderne\u201c; Veranstaltungsort: Podewil, Klosterstra\u00dfe 68, 10179 Berlin<\/li>\n<\/ul>\n<p><strong>19.9.2013 \u2013 26.1.2014<\/strong><\/p>\n<ul class=\"arrow\">\n<li>Ausstellung \u201eDrei Kontinente \u2013\u00a0sieben L\u00e4nder. Werke von <span class=\"mendelsohn trigger\">Erich Mendelsohn<\/span> aus der Architektursammlung der Kunst\u00adbibliothek\u201c; Veranstalter\/Ort: Kunstbibliothek, untere Sonderausstellungshalle am Kulturforum<\/li>\n<\/ul>\n<p><strong>24.9.2013<\/strong><\/p>\n<ul class=\"arrow\">\n<li>11 Uhr: 2. Pressekonferenz zur \u201eTriennale der Moderne\u201c; Veranstaltungsort: Bauhaus-Archiv \/ Museum f\u00fcr Gestaltung, Klingelh\u00f6ferstra\u00dfe 14, 10785 Berlin<\/li>\n<\/ul>\n<p><strong>28.9. \u2013 13.09.2013<\/strong><\/p>\n<ul class=\"arrow\">\n<li>Ausstellung &#8222;Architekturfotografie in Berliner Siedlungen &#8211; Gestern und heute&#8220;; Ausstellungser\u00f6ffnung am 28.9.2013 um 20.00 Uhr; Veranstalter: Ticket B; Ort: Infostation Siemensstadt, Goebelstr. 2-10, 13627 Berlin, 16.00 \u2013 20.00 Uhr<\/li>\n<\/ul>\n<p><strong>29.9.\/6.10.\/13.10.2013<\/strong><\/p>\n<ul class=\"arrow\">\n<li><a href=\"http:\/\/www.triennale-der-moderne.de\/2013\/berlin\/veranstaltungsorte\/bauhaus-archiv\/\" title=\"Bauhaus-Archiv \u2013 Museum f\u00fcr Gestaltung\">jeweils 14 Uhr deutsch + 15 Uhr englisch: F\u00fchrung &#8222;Situation der Bauh\u00e4usler nach 1933&#8220;; Veranstaltungsort: Bauhaus-Archiv \/ Museum f\u00fcr Gestaltung; F\u00fchrung kostenfrei, zzgl. Museumseintritt<\/a><\/li>\n<\/ul>\n<p><strong>29.9. \u2013 31.12.2013<\/strong><\/p>\n<ul class=\"arrow\">\n<li><a href=\"http:\/\/www.triennale-der-moderne.de\/2013\/berlin\/veranstaltungsorte\/bauhaus-archiv\/\" title=\"Bauhaus-Archiv \u2013 Museum f\u00fcr Gestaltung\">Eine Informationstafel in der st\u00e4ndigen Sammlung des Bauhaus-Archivs \/ Museum f\u00fcr Gestaltung informiert \u00fcber Biografien von Bauh\u00e4uslern in der Zeit des Nationalsozialismus. Mi, Do, Fr 6\u20ac \/ erm. 3\u20ac \u2013 Sa, So, Mo 7\u20ac \/ erm. 4\u20ac<\/a><\/li>\n<\/ul>\n<p><strong>20.11.2013 \u2013 24.2.2014<\/strong><\/p>\n<ul class=\"arrow\">\n<li>Ausstellung \u201emein reklame-fegefeuer \u2013 Herbert Bayer und die deutsche Werbegrafik 1928-1938\u201c; Veranstalter\/Ort: Bauhaus-Archiv, Klingelh\u00f6ferstra\u00dfe 14<\/li>\n<\/ul>\n<p><strong>28.11.2013<\/strong><\/p>\n<ul class=\"arrow\">\n<li>18 Uhr: Vortrag Carsten Krohn, Architekt: \u201eMendelsohns Bauten aus heutiger Sicht\u201c; Treffpunkt: Information in der Eingangshalle Kulturforum, Eintritt frei; Veranstalter: Kunstbibliothek Staatliche Museen zu Berlin, Matth\u00e4ikirchplatz, 10785 Berlin. <a href=\"http:\/\/www.smb.museum\/smb\/kalender\/details.php?objID=46067&amp;datum=28.11.2013+18:00\" target=\"_blank\">Weitere Informationen<\/a><\/li>\n<\/ul>\n<p><strong>9.1.2014<\/strong><\/p>\n<ul class=\"arrow\">\n<li>18 Uhr: Vortrag Dr. Ita Heinze-Greenberg (ETH Z\u00fcrich): \u201eIch bin ein freier Bauer!\u201c Erich Mendelsohn in Jerusalem; Treffpunkt: Information in der Eingangshalle Kulturforum, Eintritt frei; Veranstalter: Kunstbibliothek Staatliche Museen zu Berlin, Matth\u00e4ikirchplatz, 10785 Berlin. <a href=\"http:\/\/www.smb.museum\/smb\/kalender\/details.php?objID=46068&amp;datum=09.01.2014+18:00\" target=\"_blank\">Weitere Informationen<\/a><\/li>\n<\/ul>\n","protected":false},"excerpt":{"rendered":"<p>15.3.2013 27. Berliner Denkmaltag \u201eZerst\u00f6rte Vielfalt \u2013 Berliner Denkmale im Nationalsozialismus\u201c, Vortr\u00e4ge zum Themenjahr \u201eZerst\u00f6rte Vielfalt\u201c; Veranstalter: Landesdenkmalamt Berlin, Ort: Altes Stadthaus, Klosterstr. 47 21.3.2013 Filmvorf\u00fchrung aus Anlass des Geburtstages \u201eErich Mendelsohn \u2013 Visionen f\u00fcr die Ewigkeit\u201c und Ausstellungs\u00ader\u00f6ffnung \u201eErich Mendelsohn: Berlin \u2013 Jerusalem\u201c; Veranstalter\/Ort: Architekten\u00adkammer Berlin, IG-Metallhaus, Alte Jakobstr. 149 21.3. \u2013 30.09.2013 Ausstellung [&hellip;]<\/p>\n","protected":false},"author":1,"featured_media":0,"parent":6,"menu_order":0,"comment_status":"open","ping_status":"closed","template":"","meta":{"_acf_changed":false,"footnotes":""},"class_list":["post-22","page","type-page","status-publish","hentry"],"acf":[],"_links":{"self":[{"href":"https:\/\/triennale-der-moderne.de\/2013\/wp-json\/wp\/v2\/pages\/22"}],"collection":[{"href":"https:\/\/triennale-der-moderne.de\/2013\/wp-json\/wp\/v2\/pages"}],"about":[{"href":"https:\/\/triennale-der-moderne.de\/2013\/wp-json\/wp\/v2\/types\/page"}],"author":[{"embeddable":true,"href":"https:\/\/triennale-der-moderne.de\/2013\/wp-json\/wp\/v2\/users\/1"}],"replies":[{"embeddable":true,"href":"https:\/\/triennale-der-moderne.de\/2013\/wp-json\/wp\/v2\/comments?post=22"}],"version-history":[{"count":0,"href":"https:\/\/triennale-der-moderne.de\/2013\/wp-json\/wp\/v2\/pages\/22\/revisions"}],"up":[{"embeddable":true,"href":"https:\/\/triennale-der-moderne.de\/2013\/wp-json\/wp\/v2\/pages\/6"}],"wp:attachment":[{"href":"https:\/\/triennale-der-moderne.de\/2013\/wp-json\/wp\/v2\/media?parent=22"}],"curies":[{"name":"wp","href":"https:\/\/api.w.org\/{rel}","templated":true}]}}