{"id":2142,"date":"2013-10-02T17:14:18","date_gmt":"2013-10-02T17:14:18","guid":{"rendered":"http:\/\/www.triennale-der-moderne.de\/2013\/?page_id=2142"},"modified":"2013-10-02T17:14:18","modified_gmt":"2013-10-02T17:14:18","slug":"aerodynamischer-park-adlershof","status":"publish","type":"page","link":"\/2013\/berlin\/veranstaltungsorte\/aerodynamischer-park-adlershof\/","title":{"rendered":"Aerodynamischer Park Adlershof"},"content":{"rendered":"<p>\nDie Deutsche Versuchsanstalt f\u00fcr Luftfahrt e.V., gegr\u00fcndet 1912 in Adlershof, errichtete in einem gro\u00dfen Ausbauprogramm 1932\u201339 moderne Versuchs-, Werkstatt-, Labor- und Verwaltungsgeb\u00e4ude sowie Flugzeughangars, die Adlershof zum f\u00fchrenden Luftfahrtforschungszentrum machten. Die Planungen stammten von der technischen Abteilung der DVL unter der Leitung von Hermann Brenner und Werner Deutschmann. Die besonders auff\u00e4llig gestalteten luftfahrttechnischen Versuchsanlagen und Baudenkmale \u201eGro\u00dfer Windkanal\u201c und \u201eTrudelwindkanal\u201c werden f\u00fcr die Besucher ge\u00f6ffnet und fachkundig pr\u00e4sentiert, der schalld\u00e4mpfende Motorenpr\u00fcfstand wird von au\u00dfen erl\u00e4utert. Der Aerodynamische Park mit den Denkmalen der Luftfahrt bildet heute das Zentrum des neuen naturwissenschaftlichen Campus der Humboldt-Universit\u00e4t zu Berlin im Wissenschafts- und Technologiepark Adlershof.<\/p>\n<p>Termin: 3.10. um 14 Uhr<br \/>\nTreffpunkt: Gro\u00dfer Windkanal, Kroneckerstra\u00dfe \/ Ecke Newtonstra\u00dfe, 12489 Berlin<br \/>\nDauer: ca. 2 Stunden, Teilnehmerzahl max. 25 Personen<br \/>\nAnmeldung \u00fcber <a href=\"mailto:auftrag@kulturspionage.com\">auftrag-at-kulturspionage.com<\/a><\/p>\n","protected":false},"excerpt":{"rendered":"<p>Die Deutsche Versuchsanstalt f\u00fcr Luftfahrt e.V., gegr\u00fcndet 1912 in Adlershof, errichtete in einem gro\u00dfen Ausbauprogramm 1932\u201339 moderne Versuchs-, Werkstatt-, Labor- und Verwaltungsgeb\u00e4ude sowie Flugzeughangars, die Adlershof zum f\u00fchrenden Luftfahrtforschungszentrum machten. Die Planungen stammten von der technischen Abteilung der DVL unter der Leitung von Hermann Brenner und Werner Deutschmann. Die besonders auff\u00e4llig gestalteten luftfahrttechnischen Versuchsanlagen und [&hellip;]<\/p>\n","protected":false},"author":1,"featured_media":0,"parent":28,"menu_order":28,"comment_status":"open","ping_status":"open","template":"_template_60_40.php","meta":{"_acf_changed":false,"footnotes":""},"class_list":["post-2142","page","type-page","status-publish","hentry"],"acf":[],"_links":{"self":[{"href":"https:\/\/triennale-der-moderne.de\/2013\/wp-json\/wp\/v2\/pages\/2142"}],"collection":[{"href":"https:\/\/triennale-der-moderne.de\/2013\/wp-json\/wp\/v2\/pages"}],"about":[{"href":"https:\/\/triennale-der-moderne.de\/2013\/wp-json\/wp\/v2\/types\/page"}],"author":[{"embeddable":true,"href":"https:\/\/triennale-der-moderne.de\/2013\/wp-json\/wp\/v2\/users\/1"}],"replies":[{"embeddable":true,"href":"https:\/\/triennale-der-moderne.de\/2013\/wp-json\/wp\/v2\/comments?post=2142"}],"version-history":[{"count":0,"href":"https:\/\/triennale-der-moderne.de\/2013\/wp-json\/wp\/v2\/pages\/2142\/revisions"}],"up":[{"embeddable":true,"href":"https:\/\/triennale-der-moderne.de\/2013\/wp-json\/wp\/v2\/pages\/28"}],"wp:attachment":[{"href":"https:\/\/triennale-der-moderne.de\/2013\/wp-json\/wp\/v2\/media?parent=2142"}],"curies":[{"name":"wp","href":"https:\/\/api.w.org\/{rel}","templated":true}]}}