{"id":2135,"date":"2013-10-02T08:01:13","date_gmt":"2013-10-02T08:01:13","guid":{"rendered":"http:\/\/www.triennale-der-moderne.de\/2013\/?page_id=2135"},"modified":"2013-10-02T08:01:13","modified_gmt":"2013-10-02T08:01:13","slug":"jungfernheide-und-siemenstadt","status":"publish","type":"page","link":"\/2013\/berlin\/veranstaltungsorte\/jungfernheide-und-siemenstadt\/","title":{"rendered":"Jungfernheide und Siemenstadt"},"content":{"rendered":"<p>\nDer 1920-27 angelegte Volkspark Jungfernheide stellt ein Hauptwerk des zun\u00e4chst f\u00fcr Charlottenburg und ab 1926 f\u00fcr Gesamtberlin t\u00e4tigen Gartenbaudirektors Erwin Barth dar. Mit fast 150 ha ist es zudem die zweitgr\u00f6\u00dfte Berliner Parkanlage. Sie stellt mit ihren Einrichtungen wie gro\u00dfz\u00fcgigen Wiesen, Sportfl\u00e4chen, Schwimmbad und Freilichttheater einen Prototyp des Volksparks der zwanziger Jahre dar. Die Parkanlage grenzt an die Welterbest\u00e4tte Gro\u00dfsiedlung Siemensstadt, ist damit Bestandteil der Pufferzone und konnte vom Welterbef\u00f6rderprogramm des Bundes profitieren. Einge Ergebnisse der Restaurierungsarbeiten werden beim Rundgang vorgestellt.<\/p>\n<p>Die Freir\u00e4ume der  1929-1933 errichteten Gro\u00dfsiedlung Siemensstadt wurden vom  bedeutenden Gartenreformer Leberecht Migge gestaltet. Dieser national in den 20er Jahren pr\u00e4gende Gartenarchitekt war z.B. in Hamburg und Frankfurt t\u00e4tig und entwarf auch die Gr\u00fcnr\u00e4ume der Hufeisensiedlung. Seine Ideen f\u00fcr die Siemensstadt reichten von der behutsamen Einbindung des Altbaumbestandes \u00fcber eine gro\u00dfz\u00fcgige, auenf\u00f6rmige \u00f6ffentliche Gr\u00fcnfl\u00e4che bis zu modernen M\u00fcllh\u00e4uschen mit Dachbegr\u00fcnung. Die Erhaltung und Restaurierung des gr\u00fcnen Erbes mit Bundesf\u00f6rdermitteln wird vor Ort erl\u00e4utert.<\/p>\n<p>Veranstalter: Landesdenkmalamt Berlin, Klaus Lingenauber<br \/> <br \/>\nund Landschaftsarchitekt Peter Schmidt-Seifert<br \/> <br \/>\nTreffpunkt: Info Station Siemensstadt, Goebelstra\u00dfe 2, 13627 Berlin<br \/> <br \/>\nDienstag, 8.10.13, 17 Uhr, Teilnehmerzahl max. 30 Personen<br \/> <br \/>\nAnmeldung \u00fcber <a href=\"auftrag@kulturspionage.com\">auftrag-at-kulturspionage.com<\/a><\/p>\n","protected":false},"excerpt":{"rendered":"<p>Der 1920-27 angelegte Volkspark Jungfernheide stellt ein Hauptwerk des zun\u00e4chst f\u00fcr Charlottenburg und ab 1926 f\u00fcr Gesamtberlin t\u00e4tigen Gartenbaudirektors Erwin Barth dar. Mit fast 150 ha ist es zudem die zweitgr\u00f6\u00dfte Berliner Parkanlage. Sie stellt mit ihren Einrichtungen wie gro\u00dfz\u00fcgigen Wiesen, Sportfl\u00e4chen, Schwimmbad und Freilichttheater einen Prototyp des Volksparks der zwanziger Jahre dar. Die Parkanlage [&hellip;]<\/p>\n","protected":false},"author":1,"featured_media":0,"parent":28,"menu_order":32,"comment_status":"open","ping_status":"open","template":"_template_60_40.php","meta":{"_acf_changed":false,"footnotes":""},"class_list":["post-2135","page","type-page","status-publish","hentry"],"acf":[],"_links":{"self":[{"href":"https:\/\/triennale-der-moderne.de\/2013\/wp-json\/wp\/v2\/pages\/2135"}],"collection":[{"href":"https:\/\/triennale-der-moderne.de\/2013\/wp-json\/wp\/v2\/pages"}],"about":[{"href":"https:\/\/triennale-der-moderne.de\/2013\/wp-json\/wp\/v2\/types\/page"}],"author":[{"embeddable":true,"href":"https:\/\/triennale-der-moderne.de\/2013\/wp-json\/wp\/v2\/users\/1"}],"replies":[{"embeddable":true,"href":"https:\/\/triennale-der-moderne.de\/2013\/wp-json\/wp\/v2\/comments?post=2135"}],"version-history":[{"count":0,"href":"https:\/\/triennale-der-moderne.de\/2013\/wp-json\/wp\/v2\/pages\/2135\/revisions"}],"up":[{"embeddable":true,"href":"https:\/\/triennale-der-moderne.de\/2013\/wp-json\/wp\/v2\/pages\/28"}],"wp:attachment":[{"href":"https:\/\/triennale-der-moderne.de\/2013\/wp-json\/wp\/v2\/media?parent=2135"}],"curies":[{"name":"wp","href":"https:\/\/api.w.org\/{rel}","templated":true}]}}