{"id":2030,"date":"2013-09-25T10:06:29","date_gmt":"2013-09-25T10:06:29","guid":{"rendered":"http:\/\/www.triennale-der-moderne.de\/2013\/?page_id=2030"},"modified":"2013-09-25T10:06:29","modified_gmt":"2013-09-25T10:06:29","slug":"eroffnungsvortrag-der-architektenkammer","status":"publish","type":"page","link":"\/2013\/berlin\/veranstaltungsorte\/eroffnungsvortrag-der-architektenkammer\/","title":{"rendered":"Er\u00f6ffnungsvortrag in der Architektenkammer"},"content":{"rendered":"<p>\nDie Triennale der Moderne widmet sich in Berlin, Weimar und Dessau dem Welterbe der Architekturmoderne in Deutschland. Als \u201eMetropole der Moderne\u201c richtet Berlin das Auftaktjahr aus. In diesem Jahr ist die Triennale der Moderne mit der Erinnerung an die nationalsozialistische Macht\u00fcbernahme vor 80 Jahren verkn\u00fcpft. Dr. Annemarie Jaeggi, die Direktorin des Bauhaus-Archivs, spricht bei der Er\u00f6ffnungsveranstaltung \u00fcber das Bauhaus in Berlin in den Jahren 1932\/1933. Erstmals vorgestellt wird auch die neu erscheinende Publikation des Bauhaus-Archivs,\u00a0\u201eHans Ke\u00dfler. Die letzten zwei Jahre des Bauhauses. Briefe eines Bauh\u00e4uslers an seine Mutter\u201c. Das Bauhaus kam 1933 der drohenden Gleichschaltung durch die Nationalsozialisten mit der eigenen Schlie\u00dfung zuvor.<\/p>\n<p>Zeit f\u00fcr Gespr\u00e4che bietet die anschlie\u00dfende Finissage der Fotoausstellung \u201eErich Mendelsohn: Berlin &#8211; Jerusalem\u201c in den R\u00e4umen der Gesch\u00e4ftsstelle im 2. OG mit einer F\u00fchrung des Berliner Architekten und Fotografen Dr. Carsten Krohn. Die Ausstellung wird ab Oktober 2013 in Jerusalem zu sehen sein.<\/p>\n<p>Begr\u00fc\u00dfung:<br \/>\nChristine Edmaier, Pr\u00e4sidentin der Architektenkammer Berlin<\/p>\n<p>Einf\u00fchrung:<br \/>\nProgramm der Berliner Triennale-Wochen<br \/>\nProf. Dr. J\u00f6rg Haspel, Landeskonservator<\/p>\n<p>Vortrag: <br \/>\nDas Bauhaus in Berlin 1932\/1933<br \/>\nDr. Annemarie Jaeggi, Direktorin Bauhaus-Archiv \/ Museum f\u00fcr Gestaltung, Berlin<\/p>\n<p>Veranstaltungsort: <br \/>\nArchitektenkammer Berlin, Alte Jakobstra\u00dfe 149, 10969 Berlin; <br \/>\nEintritt frei, begrenzte Platzzahl, Anmeldung \u00fcber <a href=\"mailto:auftrag@kulturspionage.com\">auftrag-at-kulturspionage.com<\/a>.<br \/>\nVeranstalter: Architektenkammer Berlin in Kooperation mit dem <br \/>\nBauhaus-Archiv \/ Museum f\u00fcr Gestaltung\n<\/p>\n<p><\/p>\n","protected":false},"excerpt":{"rendered":"<p>Die Triennale der Moderne widmet sich in Berlin, Weimar und Dessau dem Welterbe der Architekturmoderne in Deutschland. Als \u201eMetropole der Moderne\u201c richtet Berlin das Auftaktjahr aus. In diesem Jahr ist die Triennale der Moderne mit der Erinnerung an die nationalsozialistische Macht\u00fcbernahme vor 80 Jahren verkn\u00fcpft. Dr. Annemarie Jaeggi, die Direktorin des Bauhaus-Archivs, spricht bei der [&hellip;]<\/p>\n","protected":false},"author":1,"featured_media":0,"parent":28,"menu_order":10,"comment_status":"open","ping_status":"open","template":"_template_60_40.php","meta":{"_acf_changed":false,"footnotes":""},"class_list":["post-2030","page","type-page","status-publish","hentry"],"acf":[],"_links":{"self":[{"href":"https:\/\/triennale-der-moderne.de\/2013\/wp-json\/wp\/v2\/pages\/2030"}],"collection":[{"href":"https:\/\/triennale-der-moderne.de\/2013\/wp-json\/wp\/v2\/pages"}],"about":[{"href":"https:\/\/triennale-der-moderne.de\/2013\/wp-json\/wp\/v2\/types\/page"}],"author":[{"embeddable":true,"href":"https:\/\/triennale-der-moderne.de\/2013\/wp-json\/wp\/v2\/users\/1"}],"replies":[{"embeddable":true,"href":"https:\/\/triennale-der-moderne.de\/2013\/wp-json\/wp\/v2\/comments?post=2030"}],"version-history":[{"count":0,"href":"https:\/\/triennale-der-moderne.de\/2013\/wp-json\/wp\/v2\/pages\/2030\/revisions"}],"up":[{"embeddable":true,"href":"https:\/\/triennale-der-moderne.de\/2013\/wp-json\/wp\/v2\/pages\/28"}],"wp:attachment":[{"href":"https:\/\/triennale-der-moderne.de\/2013\/wp-json\/wp\/v2\/media?parent=2030"}],"curies":[{"name":"wp","href":"https:\/\/api.w.org\/{rel}","templated":true}]}}