{"id":1882,"date":"2013-09-23T19:14:39","date_gmt":"2013-09-23T19:14:39","guid":{"rendered":"http:\/\/www.triennale-der-moderne.de\/2013\/?page_id=1882"},"modified":"2013-09-23T19:14:39","modified_gmt":"2013-09-23T19:14:39","slug":"ausstellung-ludwig-grote","status":"publish","type":"page","link":"\/2013\/dessau\/veranstaltungsorte\/ausstellung-ludwig-grote\/","title":{"rendered":"Ausstellung &#8222;Ludwig Grote&#8220;"},"content":{"rendered":"<p>\nZeit:\tSamstag und Sonntag 10-17 Uhr <br \/>\nOrt:\tGeorgium\/Orangerie<br \/>\nVeranstalter:\tAnhaltische Gem\u00e4ldegalerie Dessau<br \/>\nKontakt:\tDr. Michels<br \/>\nAnhaltische Gem\u00e4ldegalerie Dessau<br \/>\nPuschkinallee 100, 06846 Dessau<br \/>\n&lt;!&#8211;Tel.: (0340) 61 38 74<br \/>\nFrau Hartenstein, Tel.: 0340. 204.1641<br \/>\ngitta-susann.hartenstein-at-dessau-rosslau.de<br \/>&#8211;&gt;<br \/>\n<br \/>\nWenn sich Dessau \u201eBauhausstadt\u201c nennen darf, ist dies vor allem einer weitsichtigen lokalen Elite aus Politik und Kultur zu verdanken. M\u00e4nner wie der Oberb\u00fcrgermeister Fritz Hesse, der Landeskonservator Ludwig Grote und der Generalmusikdirektor Franz Hoe\u00dflin waren es, die den deutschlandweiten Wettbewerb um die Bauhaus-Ansiedlung nach dem Ende der Weimarer \u00c4ra 1925 f\u00fcr Dessau entschieden. Grotes Satz \u201eDie Bedeutung, die Dessau durch die \u00dcbernahme des Bauhauses erhalten wird, ist nicht hoch genug zu veranschlagen\u201c gilt bis heute. Im Rahmen der \u201eTriennale der Moderne\u201c gilt es die herausragend Rolle, die Ludwig Grote f\u00fcr die Etablierung des Bauhauses in Dessau und f\u00fcr die Rehabilitierung der modernen Kunst in Deutschland nach 1945 hatte, aufzuzeigen und der gro\u00dfen Bedeutung entsprechend zu w\u00fcrdigen. <\/p>\n<p>Ab 11. Oktober 2013 pr\u00e4sentiert die Anhaltische Gem\u00e4ldegalerie Dessau eine Ausstellung, die das Leben und Wirken des aus Halle stammenden Ludwig Grote (1893 \u2013 1974) w\u00fcrdigt. Ein Bekenntnis Grotes zur Bauhaus-\u00c4sthetik zeigen verschiedene Druckschriften der Anhaltischen Gem\u00e4ldegalerie Dessau.<br \/> <\/p>\n","protected":false},"excerpt":{"rendered":"<p>Zeit: Samstag und Sonntag 10-17 Uhr Ort: Georgium\/Orangerie Veranstalter: Anhaltische Gem\u00e4ldegalerie Dessau Kontakt: Dr. Michels Anhaltische Gem\u00e4ldegalerie Dessau Puschkinallee 100, 06846 Dessau &lt;!&#8211;Tel.: (0340) 61 38 74 Frau Hartenstein, Tel.: 0340. 204.1641 gitta-susann.hartenstein-at-dessau-rosslau.de&#8211;&gt; Wenn sich Dessau \u201eBauhausstadt\u201c nennen darf, ist dies vor allem einer weitsichtigen lokalen Elite aus Politik und Kultur zu verdanken. M\u00e4nner wie [&hellip;]<\/p>\n","protected":false},"author":1,"featured_media":0,"parent":38,"menu_order":30,"comment_status":"open","ping_status":"open","template":"_template_60_40.php","meta":{"_acf_changed":false,"footnotes":""},"class_list":["post-1882","page","type-page","status-publish","hentry"],"acf":[],"_links":{"self":[{"href":"https:\/\/triennale-der-moderne.de\/2013\/wp-json\/wp\/v2\/pages\/1882"}],"collection":[{"href":"https:\/\/triennale-der-moderne.de\/2013\/wp-json\/wp\/v2\/pages"}],"about":[{"href":"https:\/\/triennale-der-moderne.de\/2013\/wp-json\/wp\/v2\/types\/page"}],"author":[{"embeddable":true,"href":"https:\/\/triennale-der-moderne.de\/2013\/wp-json\/wp\/v2\/users\/1"}],"replies":[{"embeddable":true,"href":"https:\/\/triennale-der-moderne.de\/2013\/wp-json\/wp\/v2\/comments?post=1882"}],"version-history":[{"count":0,"href":"https:\/\/triennale-der-moderne.de\/2013\/wp-json\/wp\/v2\/pages\/1882\/revisions"}],"up":[{"embeddable":true,"href":"https:\/\/triennale-der-moderne.de\/2013\/wp-json\/wp\/v2\/pages\/38"}],"wp:attachment":[{"href":"https:\/\/triennale-der-moderne.de\/2013\/wp-json\/wp\/v2\/media?parent=1882"}],"curies":[{"name":"wp","href":"https:\/\/api.w.org\/{rel}","templated":true}]}}