{"id":1859,"date":"2013-09-23T19:14:18","date_gmt":"2013-09-23T19:14:18","guid":{"rendered":"http:\/\/www.triennale-der-moderne.de\/2013\/?page_id=1859"},"modified":"2013-09-23T19:14:18","modified_gmt":"2013-09-23T19:14:18","slug":"lesung-glaserne-zeit","status":"publish","type":"page","link":"\/2013\/dessau\/veranstaltungsorte\/lesung-glaserne-zeit\/","title":{"rendered":"Lesung &#8222;Gl\u00e4serne Zeit&#8220;"},"content":{"rendered":"<p>\nZeit:\t13.10.2013, 14 Uhr<br \/>\nOrt:\tAula oder Designshop im Bauhausgeb\u00e4ude, Gropiusallee 38<br \/>\nVeranstalter:\tDesignshop im Bauhausgeb\u00e4ude<br \/>\nReferent\/ Akteur:\tAndreas Hilger<br \/>\nKontakt:\tFrau Irrgang, Tel.: +49-340-6508-333, irrgang-at-bauhaus-dessau.de<\/p>\n<p>Gro\u00dfe Namen treffen sich vor der Kulisse einer kleinen Stadt: Segeln mit Lyonel Feininger, Tanzen mit Oskar Schlemmer, Fliegen mit Hugo Junkers alles scheint m\u00f6glich im Dessau der 1920er Jahre. Am Bauhaus werden H\u00e4user aus Stahl gebaut und Tr\u00e4ume in Teppiche gewebt. \u00dcberall herrscht Fortschritt in atemberaubendem Tempo, eine deutsche Traumfabrik arbeitet an der Welt der Zukunft. `Neu\u00b4 ist das Stichwort der Stunde: neues Bauen, neues Leben, neue Liebe, der neue Mensch. Ein bewegender Roman \u00fcber eine bewegte Zeit.<\/p>\n","protected":false},"excerpt":{"rendered":"<p>Zeit: 13.10.2013, 14 Uhr Ort: Aula oder Designshop im Bauhausgeb\u00e4ude, Gropiusallee 38 Veranstalter: Designshop im Bauhausgeb\u00e4ude Referent\/ Akteur: Andreas Hilger Kontakt: Frau Irrgang, Tel.: +49-340-6508-333, irrgang-at-bauhaus-dessau.de Gro\u00dfe Namen treffen sich vor der Kulisse einer kleinen Stadt: Segeln mit Lyonel Feininger, Tanzen mit Oskar Schlemmer, Fliegen mit Hugo Junkers alles scheint m\u00f6glich im Dessau der 1920er [&hellip;]<\/p>\n","protected":false},"author":1,"featured_media":0,"parent":38,"menu_order":28,"comment_status":"open","ping_status":"open","template":"_template_60_40.php","meta":{"_acf_changed":false,"footnotes":""},"class_list":["post-1859","page","type-page","status-publish","hentry"],"acf":[],"_links":{"self":[{"href":"https:\/\/triennale-der-moderne.de\/2013\/wp-json\/wp\/v2\/pages\/1859"}],"collection":[{"href":"https:\/\/triennale-der-moderne.de\/2013\/wp-json\/wp\/v2\/pages"}],"about":[{"href":"https:\/\/triennale-der-moderne.de\/2013\/wp-json\/wp\/v2\/types\/page"}],"author":[{"embeddable":true,"href":"https:\/\/triennale-der-moderne.de\/2013\/wp-json\/wp\/v2\/users\/1"}],"replies":[{"embeddable":true,"href":"https:\/\/triennale-der-moderne.de\/2013\/wp-json\/wp\/v2\/comments?post=1859"}],"version-history":[{"count":0,"href":"https:\/\/triennale-der-moderne.de\/2013\/wp-json\/wp\/v2\/pages\/1859\/revisions"}],"up":[{"embeddable":true,"href":"https:\/\/triennale-der-moderne.de\/2013\/wp-json\/wp\/v2\/pages\/38"}],"wp:attachment":[{"href":"https:\/\/triennale-der-moderne.de\/2013\/wp-json\/wp\/v2\/media?parent=1859"}],"curies":[{"name":"wp","href":"https:\/\/api.w.org\/{rel}","templated":true}]}}