{"id":1849,"date":"2013-09-23T19:13:25","date_gmt":"2013-09-23T19:13:25","guid":{"rendered":"http:\/\/www.triennale-der-moderne.de\/2013\/?page_id=1849"},"modified":"2013-09-23T19:13:25","modified_gmt":"2013-09-23T19:13:25","slug":"fuhrung-torten-nach-1933","status":"publish","type":"page","link":"\/2013\/dessau\/veranstaltungsorte\/fuhrung-torten-nach-1933\/","title":{"rendered":"F\u00fchrung &#8222;T\u00f6rten nach 1933&#8220;"},"content":{"rendered":"<p>\nZeit:\tSonntag 11 Uhr<br \/>\nOrt:\tBauhaussiedlung T\u00f6rten;  Treffpunkt Konsumgeb\u00e4ude<br \/>\nVeranstalter:\tStiftung Bauhaus<br \/>\nReferent\/ Akteur:\tHerr Eichhorn<br \/>\nKontakt:\tFrau Irrgang, Tel.: +49-340-6508-333, irrgang-at-bauhaus-dessau.de<\/p>\n<p>Der Mangel an preiswertem Wohnraum, der durch die Stagnation der Baut\u00e4tigkeit w\u00e4hrend des Ersten Weltkriegs noch forciert wurde, f\u00fchrte seit Beginn der Weimarer Republik zu verst\u00e4rkten \u00f6ffentlichen Anstrengungen im bis dahin weitgehend privaten Wohnungsbau. Unter der Pr\u00e4misse Licht, Luft und Sonne sollten von 1926 bis 1931 Wohnungen entstehen, die f\u00fcr eine gro\u00dfe Bev\u00f6lkerungsschicht erschwinglich waren.<br \/>\nAnders als vergleichbare Projekte des Neuen Bauens war die Siedlung Dessau-T\u00f6rten von Beginn an einem enormen Ver\u00e4nderungsdruck ausgesetzt. Die einfache Ausstattung der H\u00e4user, die als Teil einer Reichsheimst\u00e4ttensiedlung von Anfang an Eigentum ihrer Bewohner waren, reichte diesen h\u00e4ufig nicht aus. Und schon in den 1930er Jahren mussten die ersten Stahlfenster h\u00f6lzernen Versionen in anderen Formaten weichen, wurden Stra\u00dfenfassaden mit Vormauerschalen verst\u00e4rkt, entstanden zahlreiche Anbauten, um den Wohnraum zu erweitern.<br \/>\nAuch die zur Selbstversorgung vorgesehenen G\u00e4rten werden inzwischen fast  ausschlie\u00dflich als Zier- oder Erholungsg\u00e4rten genutzt. Insbesondere an der Gartenseite der H\u00e4user entstanden vielfach Um- und Anbauten. Und die vielen im Lauf der Zeit entstandenen Garagen haben das Gesicht der Siedlung weiter ver\u00e4ndert. Die bereits kurz nach der Fertigstellung einsetzende Umbaut\u00e4tigkeit spiegelt indes nicht nur Unzul\u00e4nglichkeiten der urspr\u00fcnglichen Architektur wider \u2013 sie ist zugleich ein Ausweis ihrer beeindruckenden Flexibilit\u00e4t.<br \/>\t<\/p>\n","protected":false},"excerpt":{"rendered":"<p>Zeit: Sonntag 11 Uhr Ort: Bauhaussiedlung T\u00f6rten; Treffpunkt Konsumgeb\u00e4ude Veranstalter: Stiftung Bauhaus Referent\/ Akteur: Herr Eichhorn Kontakt: Frau Irrgang, Tel.: +49-340-6508-333, irrgang-at-bauhaus-dessau.de Der Mangel an preiswertem Wohnraum, der durch die Stagnation der Baut\u00e4tigkeit w\u00e4hrend des Ersten Weltkriegs noch forciert wurde, f\u00fchrte seit Beginn der Weimarer Republik zu verst\u00e4rkten \u00f6ffentlichen Anstrengungen im bis dahin weitgehend privaten [&hellip;]<\/p>\n","protected":false},"author":1,"featured_media":0,"parent":38,"menu_order":26,"comment_status":"open","ping_status":"open","template":"_template_60_40.php","meta":{"_acf_changed":false,"footnotes":""},"class_list":["post-1849","page","type-page","status-publish","hentry"],"acf":[],"_links":{"self":[{"href":"https:\/\/triennale-der-moderne.de\/2013\/wp-json\/wp\/v2\/pages\/1849"}],"collection":[{"href":"https:\/\/triennale-der-moderne.de\/2013\/wp-json\/wp\/v2\/pages"}],"about":[{"href":"https:\/\/triennale-der-moderne.de\/2013\/wp-json\/wp\/v2\/types\/page"}],"author":[{"embeddable":true,"href":"https:\/\/triennale-der-moderne.de\/2013\/wp-json\/wp\/v2\/users\/1"}],"replies":[{"embeddable":true,"href":"https:\/\/triennale-der-moderne.de\/2013\/wp-json\/wp\/v2\/comments?post=1849"}],"version-history":[{"count":0,"href":"https:\/\/triennale-der-moderne.de\/2013\/wp-json\/wp\/v2\/pages\/1849\/revisions"}],"up":[{"embeddable":true,"href":"https:\/\/triennale-der-moderne.de\/2013\/wp-json\/wp\/v2\/pages\/38"}],"wp:attachment":[{"href":"https:\/\/triennale-der-moderne.de\/2013\/wp-json\/wp\/v2\/media?parent=1849"}],"curies":[{"name":"wp","href":"https:\/\/api.w.org\/{rel}","templated":true}]}}