{"id":1836,"date":"2013-09-23T19:13:06","date_gmt":"2013-09-23T19:13:06","guid":{"rendered":"http:\/\/www.triennale-der-moderne.de\/2013\/?page_id=1836"},"modified":"2013-09-23T19:13:06","modified_gmt":"2013-09-23T19:13:06","slug":"busrundfahrt-dessau-roslau-worlitz-wittenberg","status":"publish","type":"page","link":"\/2013\/dessau\/veranstaltungsorte\/busrundfahrt-dessau-roslau-worlitz-wittenberg\/","title":{"rendered":"Busrundfahrt &#8222;Dessau-Ro\u00dflau-W\u00f6rlitz-Wittenberg&#8220;"},"content":{"rendered":"<p>\nZeit:\tSonntag 10 bis 18 Uhr<br \/>\nOrt:\tTreffpunkt: Bauhausgeb\u00e4ude, Gropiusalleee 38<br \/>\nVeranstalter:\tStadt Dessau<br \/>\nReferent\/ Akteur:\tHarald Mittr\u00fccker<br \/>\nKontakt:\tTourist-Information Dessau-Ro\u00dflau<br \/>\nTel.: 0340-204-1542, touristinfo-at-dessau-rosslau.de<\/p>\n<p>Die Rundfahrt durch die Reiseregion Luther I Bauhaus I Gartenreich ist auch eine Zeitreise durch die Architektur. Die Region war \u00fcber die Jahrhunderte immer wieder ein Schauplatz umfangreicher Reformen, die sich in der Architektur widerspiegeln. Als 1925 das Bauhaus von Weimar nach Dessau \u00fcbersiedelte, versammelte der ber\u00fchmte Architekt Walter Gropius eine sch\u00f6pferische Avantgarde an der neu gegr\u00fcndeten Hochschule f\u00fcr Gestaltung um sich, von der bahnbrechende Entw\u00fcrfe in der Architektur und im Design geschaffen wurden. Zu den  ber\u00fchmten Architekten und K\u00fcnstlern, die am Bauhaus wirkten, geh\u00f6rten neben vielen anderen auch Wassily Kandinsky, Lyonel Feininger, Marcel Breuer, Marianne Brandt, Carl Fieger und Richard Paulick. Heute ist Dessau-Ro\u00dflau die Stadt mit den meisten Bauhausbauten.<br \/>\nIn der zweiten H\u00e4lfte des 18. Jahrhunderts f\u00fchlte sich F\u00fcrst Leopold III. Friedrich Franz von Anhalt-Dessau den Ideen der Aufkl\u00e4rung verpflichtet. W\u00e4hrend seiner Regierungszeit war Dessau ein Zentrum vielf\u00e4ltiger Reformbestrebungen auf kulturellem und wirtschaftlichem Gebiet. Mit seinem Architekten Friedrich Wilhelm Erdmanndorf gestaltete er das Gartenreich Dessau-W\u00f6rlitz und schuf die W\u00f6rlitzer Anlagen. Das Schloss W\u00f6rlitz ist der Gr\u00fcndungsbau des Klassizismus in Deutschland.<\/p>\n<p>Die Spuren des gro\u00dfen Reformators Martin Luther sind in der historischen Altstadt von Wittenberg erlebbar. Neben dem Lutherhaus und der Stadtkirche ist auch die Schlosskirche, an die Martin Luther 1517 seine 95 Thesen anschlug, zu sehen. <\/p>\n<p>Mit der beginnenden Industrialisierung in Deutschland, spielte der Bau von Unterk\u00fcnften f\u00fcr Arbeiter der neu entstehenden Betriebe eine zunehmende Rolle. Ein eindrucksvolles Beispiel daf\u00fcr ist die Werkssiedlung Piesteritz in Wittenberg, die 1916 von dem Stadtplaner Georg Haberland und dem Architekten Otto Rudolf Salvisberg  mit dem Ziel gebaut wurde, eine sch\u00f6ne einheitliche Arbeitersiedlung mit gleichbleibender baulicher Qualit\u00e4t zu realisieren. Piesteritz ist die erste autofreie Siedlung in Deutschland und wurde anl\u00e4sslich der Expo 2000 originalgetreu saniert. Aber Wittenberg hat noch mehr architektonische Besonderheiten zu bieten. Der ber\u00fchmte K\u00fcnstler Friedensreich Hundertwasser lieferte auf Bitte der Sch\u00fcler einer renovierungsbed\u00fcrftigen Schule in Plattenbauweise die Entw\u00fcrfe f\u00fcr das 1999 entstandene  Hundertwasserhaus des Luther-Melanchthon-Gymnasiums. <\/p>\n<p>Besonderheiten:\tPreis 24 \u20ac<br \/>\nAnmeldung in der Tourist-Information <br \/>\nDessau-Ro\u00dflau erforderlich, Tel.: 0340-204-1442\n<\/p>\n<p><\/p>\n","protected":false},"excerpt":{"rendered":"<p>Zeit: Sonntag 10 bis 18 Uhr Ort: Treffpunkt: Bauhausgeb\u00e4ude, Gropiusalleee 38 Veranstalter: Stadt Dessau Referent\/ Akteur: Harald Mittr\u00fccker Kontakt: Tourist-Information Dessau-Ro\u00dflau Tel.: 0340-204-1542, touristinfo-at-dessau-rosslau.de Die Rundfahrt durch die Reiseregion Luther I Bauhaus I Gartenreich ist auch eine Zeitreise durch die Architektur. Die Region war \u00fcber die Jahrhunderte immer wieder ein Schauplatz umfangreicher Reformen, die sich [&hellip;]<\/p>\n","protected":false},"author":1,"featured_media":0,"parent":38,"menu_order":24,"comment_status":"open","ping_status":"open","template":"_template_60_40.php","meta":{"_acf_changed":false,"footnotes":""},"class_list":["post-1836","page","type-page","status-publish","hentry"],"acf":[],"_links":{"self":[{"href":"https:\/\/triennale-der-moderne.de\/2013\/wp-json\/wp\/v2\/pages\/1836"}],"collection":[{"href":"https:\/\/triennale-der-moderne.de\/2013\/wp-json\/wp\/v2\/pages"}],"about":[{"href":"https:\/\/triennale-der-moderne.de\/2013\/wp-json\/wp\/v2\/types\/page"}],"author":[{"embeddable":true,"href":"https:\/\/triennale-der-moderne.de\/2013\/wp-json\/wp\/v2\/users\/1"}],"replies":[{"embeddable":true,"href":"https:\/\/triennale-der-moderne.de\/2013\/wp-json\/wp\/v2\/comments?post=1836"}],"version-history":[{"count":0,"href":"https:\/\/triennale-der-moderne.de\/2013\/wp-json\/wp\/v2\/pages\/1836\/revisions"}],"up":[{"embeddable":true,"href":"https:\/\/triennale-der-moderne.de\/2013\/wp-json\/wp\/v2\/pages\/38"}],"wp:attachment":[{"href":"https:\/\/triennale-der-moderne.de\/2013\/wp-json\/wp\/v2\/media?parent=1836"}],"curies":[{"name":"wp","href":"https:\/\/api.w.org\/{rel}","templated":true}]}}