{"id":1826,"date":"2013-09-23T19:11:30","date_gmt":"2013-09-23T19:11:30","guid":{"rendered":"http:\/\/www.triennale-der-moderne.de\/2013\/?page_id=1826"},"modified":"2013-09-23T19:11:30","modified_gmt":"2013-09-23T19:11:30","slug":"film-mon-oncle","status":"publish","type":"page","link":"\/2013\/dessau\/veranstaltungsorte\/film-mon-oncle\/","title":{"rendered":"Film &#8222;Mon oncle&#8220;"},"content":{"rendered":"<p>\nWas:\tKino im Kiez<br \/>\nZeit:\tSamstag 20.30 Uhr <br \/>\nOrt:\tKiez Kino \u2013 Das LEO Lichtspiel<br \/>\nBertolt-Brecht-Stra\u00dfe 29, 06844 Dessau<br \/>\nVeranstalter:\tKiez Kino<\/p>\n<p>\nMonsieur Hulot (Jacques Tati) soll sich um seinen kleinen Neffen k\u00fcmmern, der in einer kleinen Vorortsiedlung nicht weit von seiner eigenen Wohnung lebt. Dort angekommen, schl\u00e4gt sich Hulot mit den Ausw\u00fcchsen und technischen Errungenschaften der modernen Gesellschaft herum. Von den Eltern seines Neffen, reichen Snobs, trennen ihn allerdings Welten. W\u00e4hrend er von ihnen nur ironisch bel\u00e4chelt wird, begegnet er selbst ihnen auf seine f\u00fcr ihn typische, aufgeschlossen-weltfremde Art. Doch die kalte Welt von \u00dcberfluss und Industrie ist f\u00fcr Hulot ein unbezwingbarer Gegner; hier kann er sich trotz allen ehrlichen Bem\u00fchens nicht zurechtfinden. Und so ist es fast zwingend, dass er von den Verwandten ausgegrenzt wird.<br \/>\n(Quelle:wissen.de\/focus.online)<\/p>\n<p>Budget:\t5\u20ac \/ 4\u20ac erm\u00e4\u00dfigt<\/p>\n","protected":false},"excerpt":{"rendered":"<p>Was: Kino im Kiez Zeit: Samstag 20.30 Uhr Ort: Kiez Kino \u2013 Das LEO Lichtspiel Bertolt-Brecht-Stra\u00dfe 29, 06844 Dessau Veranstalter: Kiez Kino Monsieur Hulot (Jacques Tati) soll sich um seinen kleinen Neffen k\u00fcmmern, der in einer kleinen Vorortsiedlung nicht weit von seiner eigenen Wohnung lebt. Dort angekommen, schl\u00e4gt sich Hulot mit den Ausw\u00fcchsen und technischen [&hellip;]<\/p>\n","protected":false},"author":1,"featured_media":0,"parent":38,"menu_order":10,"comment_status":"open","ping_status":"open","template":"_template_60_40.php","meta":{"_acf_changed":false,"footnotes":""},"class_list":["post-1826","page","type-page","status-publish","hentry"],"acf":[],"_links":{"self":[{"href":"https:\/\/triennale-der-moderne.de\/2013\/wp-json\/wp\/v2\/pages\/1826"}],"collection":[{"href":"https:\/\/triennale-der-moderne.de\/2013\/wp-json\/wp\/v2\/pages"}],"about":[{"href":"https:\/\/triennale-der-moderne.de\/2013\/wp-json\/wp\/v2\/types\/page"}],"author":[{"embeddable":true,"href":"https:\/\/triennale-der-moderne.de\/2013\/wp-json\/wp\/v2\/users\/1"}],"replies":[{"embeddable":true,"href":"https:\/\/triennale-der-moderne.de\/2013\/wp-json\/wp\/v2\/comments?post=1826"}],"version-history":[{"count":0,"href":"https:\/\/triennale-der-moderne.de\/2013\/wp-json\/wp\/v2\/pages\/1826\/revisions"}],"up":[{"embeddable":true,"href":"https:\/\/triennale-der-moderne.de\/2013\/wp-json\/wp\/v2\/pages\/38"}],"wp:attachment":[{"href":"https:\/\/triennale-der-moderne.de\/2013\/wp-json\/wp\/v2\/media?parent=1826"}],"curies":[{"name":"wp","href":"https:\/\/api.w.org\/{rel}","templated":true}]}}