{"id":1810,"date":"2013-09-23T19:12:33","date_gmt":"2013-09-23T19:12:33","guid":{"rendered":"http:\/\/www.triennale-der-moderne.de\/2013\/?page_id=1810"},"modified":"2013-09-23T19:12:33","modified_gmt":"2013-09-23T19:12:33","slug":"film-und-vortrag-das-bauhaus-und-auschwitz","status":"publish","type":"page","link":"\/2013\/dessau\/veranstaltungsorte\/film-und-vortrag-das-bauhaus-und-auschwitz\/","title":{"rendered":"Film und Vortrag &#8222;Das Bauhaus und Auschwitz&#8220;"},"content":{"rendered":"<p>\nZeit:\tSamstag 14 Uhr<br \/>\nOrt:\tHistorisches Arbeitsamt, August-Bebel-Platz<br \/>\nReferent\/ Akteur:\tAlternatives Jugendzentrum e.V. Dessau<br \/>\nKontakt:\tFrau Irrgang, Tel.: +49-340-6508-333, irrgang-at-bauhaus-dessau.de <\/p>\n<p>\u201eDer Tod kam aus Dessau\u201c lautet eine Filmdokumentation des Alternativen Jugendzentrums e.V. Dessau (AJZ), die sich mit der Bauhausstadt als Hauptproduktionsstandort des Giftgases Zyklon B zur Massent\u00f6tung von Menschen in Vernichtungslagern auseinandersetzt. Der 2006, ein Jahr nach der Einweihung des Informations-und Mahnpunktes Zyklon B, ver\u00f6ffentlichte Film geht auch der Frage nach, ob und wie an dieses Kapitel der Lokalgeschichte in den Jahrzehnten nach dem Ende der Nazidiktatur erinnert wurde. <\/p>\n<p>Seit f\u00fcnfzehn Jahren l\u00e4dt Jana M\u00fcller vom AJZ \u00dcberlebende des Holocaust und Naziterrors als Zeitzeugen zu Gespr\u00e4chen, vor allem mit Jugendlichen, nach Dessau ein und sammelt ihre Erinnerungen und Zeugnisse. Das Bauhaus und der Info- und Mahnpunkt Zyklon B geh\u00f6ren zu den Standardprogrammen dieser G\u00e4ste aus dem In- und Ausland. <\/p>\n<p>Neben den Film erg\u00e4nzenden Aussagen von T\u00e4tern und Opfern zum Einsatz von Zyklon B wird in der Veranstaltung folgenden Fragen nachgegangen: Wie steht es um die Erinnerungskultur in Dessau-Ro\u00dflau heute und vor welchen Herausforderungen steht die Stadt, zu deren Geschichte in der Moderne das Bauhaus, die Zyklon-B Produktion, technischer Fortschritt, Kriegsproduktion und der massenhafte Einsatz von NS-Zwangsarbeitern geh\u00f6ren?\n<\/p>\n<p><\/p>\n","protected":false},"excerpt":{"rendered":"<p>Zeit: Samstag 14 Uhr Ort: Historisches Arbeitsamt, August-Bebel-Platz Referent\/ Akteur: Alternatives Jugendzentrum e.V. Dessau Kontakt: Frau Irrgang, Tel.: +49-340-6508-333, irrgang-at-bauhaus-dessau.de \u201eDer Tod kam aus Dessau\u201c lautet eine Filmdokumentation des Alternativen Jugendzentrums e.V. Dessau (AJZ), die sich mit der Bauhausstadt als Hauptproduktionsstandort des Giftgases Zyklon B zur Massent\u00f6tung von Menschen in Vernichtungslagern auseinandersetzt. Der 2006, ein [&hellip;]<\/p>\n","protected":false},"author":1,"featured_media":0,"parent":38,"menu_order":20,"comment_status":"open","ping_status":"open","template":"_template_60_40.php","meta":{"_acf_changed":false,"footnotes":""},"class_list":["post-1810","page","type-page","status-publish","hentry"],"acf":[],"_links":{"self":[{"href":"https:\/\/triennale-der-moderne.de\/2013\/wp-json\/wp\/v2\/pages\/1810"}],"collection":[{"href":"https:\/\/triennale-der-moderne.de\/2013\/wp-json\/wp\/v2\/pages"}],"about":[{"href":"https:\/\/triennale-der-moderne.de\/2013\/wp-json\/wp\/v2\/types\/page"}],"author":[{"embeddable":true,"href":"https:\/\/triennale-der-moderne.de\/2013\/wp-json\/wp\/v2\/users\/1"}],"replies":[{"embeddable":true,"href":"https:\/\/triennale-der-moderne.de\/2013\/wp-json\/wp\/v2\/comments?post=1810"}],"version-history":[{"count":0,"href":"https:\/\/triennale-der-moderne.de\/2013\/wp-json\/wp\/v2\/pages\/1810\/revisions"}],"up":[{"embeddable":true,"href":"https:\/\/triennale-der-moderne.de\/2013\/wp-json\/wp\/v2\/pages\/38"}],"wp:attachment":[{"href":"https:\/\/triennale-der-moderne.de\/2013\/wp-json\/wp\/v2\/media?parent=1810"}],"curies":[{"name":"wp","href":"https:\/\/api.w.org\/{rel}","templated":true}]}}