{"id":1805,"date":"2013-09-23T19:12:25","date_gmt":"2013-09-23T19:12:25","guid":{"rendered":"http:\/\/www.triennale-der-moderne.de\/2013\/?page_id=1805"},"modified":"2013-09-23T19:12:25","modified_gmt":"2013-09-23T19:12:25","slug":"fuhrung-das-bauhaus-und-junkers","status":"publish","type":"page","link":"\/2013\/dessau\/veranstaltungsorte\/fuhrung-das-bauhaus-und-junkers\/","title":{"rendered":"F\u00fchrung &#8222;Das Bauhaus und Junkers&#8220;"},"content":{"rendered":"<p>\nZeit:\t12.10.2013, 13 Uhr<br \/>\nOrt:\tOrt: Landeshauptarchiv Sachsen-Anhalt, Abteilung Dessau<br \/>\nAlter Wasserturm, Heidestra\u00dfe 21, 06842 Dessau-Rosslau<br \/>\nTreffpunkt: Eingangsbereich<br \/>\nVeranstalter:\tLandesarchiv<br \/>\nReferent\/ Akteur:\tInes Hildebrand<br \/>\nKontakt: Frau Irrgang, Tel.: +49-340-6508-333<br \/>\nirrgang@bauhaus-dessau.de<br \/> <br \/>\nWebsite: www.lha.sachsen-anhalt.de<\/p>\n<p>Das Bauhaus und Junkers \u2013 die Kunsthochschule und der Unternehmer \u2013 beide w\u00e4hlten Dessau als Ausgangspunkt f\u00fcr ihre Visionen und beide wurden aus dieser Stadt vertrieben, eine der ersten St\u00e4dte Deutschlands, in der der Nationalsozialismus regierte.<br \/>\nAnhand zeitgen\u00f6ssischer Briefe, Brosch\u00fcren, Fotos und anderer Archivalien werden die Schnittstellen beider Protagonisten sichtbar, die \u00fcber viele Jahre hinweg ihre T\u00e4tigkeit be-fruchteten.<br \/>\nEs werden aber auch die Anfeindungen aufgezeigt, die sich massiv steigerten und sowohl das Bauhaus als auch Hugo Junkers letztlich aus Dessau verbannten.<br \/>\nBislang zum Teil unver\u00f6ffentlichte Dokumente aus den rund 7 km umfassenden Akten des Landeshauptarchivs in Dessau lassen erahnen, wie die hoffnungsvolle Vielfalt des Dessauer Wirtschafts-, Kunst und Kulturlebens der rigorosen Zerst\u00f6rung zum Opfer fiel.<\/p>\n<p>Um Anmeldung wird gebeten: Tel.: 0340- 519896-40 oder per E-Mail an<br \/>\ndessau-at-lha.mi.sachsen-anhalt.de\n<\/p>\n<p><\/p>\n","protected":false},"excerpt":{"rendered":"<p>Zeit: 12.10.2013, 13 Uhr Ort: Ort: Landeshauptarchiv Sachsen-Anhalt, Abteilung Dessau Alter Wasserturm, Heidestra\u00dfe 21, 06842 Dessau-Rosslau Treffpunkt: Eingangsbereich Veranstalter: Landesarchiv Referent\/ Akteur: Ines Hildebrand Kontakt: Frau Irrgang, Tel.: +49-340-6508-333 irrgang@bauhaus-dessau.de Website: www.lha.sachsen-anhalt.de Das Bauhaus und Junkers \u2013 die Kunsthochschule und der Unternehmer \u2013 beide w\u00e4hlten Dessau als Ausgangspunkt f\u00fcr ihre Visionen und beide wurden aus [&hellip;]<\/p>\n","protected":false},"author":1,"featured_media":0,"parent":38,"menu_order":19,"comment_status":"open","ping_status":"open","template":"_template_60_40.php","meta":{"_acf_changed":false,"footnotes":""},"class_list":["post-1805","page","type-page","status-publish","hentry"],"acf":[],"_links":{"self":[{"href":"https:\/\/triennale-der-moderne.de\/2013\/wp-json\/wp\/v2\/pages\/1805"}],"collection":[{"href":"https:\/\/triennale-der-moderne.de\/2013\/wp-json\/wp\/v2\/pages"}],"about":[{"href":"https:\/\/triennale-der-moderne.de\/2013\/wp-json\/wp\/v2\/types\/page"}],"author":[{"embeddable":true,"href":"https:\/\/triennale-der-moderne.de\/2013\/wp-json\/wp\/v2\/users\/1"}],"replies":[{"embeddable":true,"href":"https:\/\/triennale-der-moderne.de\/2013\/wp-json\/wp\/v2\/comments?post=1805"}],"version-history":[{"count":0,"href":"https:\/\/triennale-der-moderne.de\/2013\/wp-json\/wp\/v2\/pages\/1805\/revisions"}],"up":[{"embeddable":true,"href":"https:\/\/triennale-der-moderne.de\/2013\/wp-json\/wp\/v2\/pages\/38"}],"wp:attachment":[{"href":"https:\/\/triennale-der-moderne.de\/2013\/wp-json\/wp\/v2\/media?parent=1805"}],"curies":[{"name":"wp","href":"https:\/\/api.w.org\/{rel}","templated":true}]}}