{"id":1800,"date":"2013-09-23T19:12:16","date_gmt":"2013-09-23T19:12:16","guid":{"rendered":"http:\/\/www.triennale-der-moderne.de\/2013\/?page_id=1800"},"modified":"2013-09-23T19:12:16","modified_gmt":"2013-09-23T19:12:16","slug":"neues-bauen-der-ottostadt-magdeburg","status":"publish","type":"page","link":"\/2013\/dessau\/veranstaltungsorte\/neues-bauen-der-ottostadt-magdeburg\/","title":{"rendered":"F\u00fchrung &#8222;Neues Bauen in der Ottostadt&#8220; (Magdeburg)"},"content":{"rendered":"<p>\nZeit: 12.10.13 \/ 12.00 Uhr<br \/>\nOrt\/Treffpunkt:\tOtto-von-Guericke-Denkmal, Alter Markt<br \/>\nDauer der Veranstaltung:\tZwei Stunden<br \/>\nVoranmeldung:\t11.10.13, 18 Uhr<br \/>\nVeranstalter:\tMMKT<br \/>\nReferent\/Akteur:\tHerr Willmann<\/p>\n<p>Kontakt: des Veranstalters<br \/>\nTourist-Information Magdeburg<br \/>\nErnst-Reuter-Allee 12, 39104 Magdeburg<br \/>\nTel.: 03 91 \/ 83 80 403, Fax: 03 91 \/ 83 80 430<br \/>\nE-Mail: info@magdeburg-tourist.de, www.magdeburg-tourist.de<\/p>\n<p>Im Rahmen des diesj\u00e4hrigen Dessauer Triennale-Wochenendes bietet die Magdeburg Marketing Kongress und Tourismus GmbH (MMKT) am 12. Oktober 2013 eine rund zweist\u00fcndige Sonderf\u00fchrung zum Thema \u201eNeues Bauen\u201c in Magdeburg an. Die F\u00fchrung startet um 12 Uhr mit einer einst\u00fcndigen Tour im roten Doppeldecker-Bus in die Magdeburger Stadtteile Sudenburg, Stadtfeld-West und Cracau. Nach der Rundfahrt l\u00e4dt MMKT-Stadtf\u00fchrer Willi Willmann die Teilnehmer noch zu einem Stadtrundgang rund um den Domplatz ein.<br \/>\nVom Otto-von-Guericke-Denkmal am Alten Markt startet der Doppeldecker zun\u00e4chst in Richtung Sudenburg, in die Otto-Richter-Stra\u00dfe. Hier wurde mit dem Bau einer ersten Magdeburger Genossenschaftssiedlung begonnen. 1920\/1921 wurde der Stra\u00dfenzug von Carl Krayl ungew\u00f6hnlich farbig gestaltet und bei einer Sanierung in den Jahren 1998\/1999 wurde in Teilbereichen diese urspr\u00fcngliche Farbgebung wieder hergestellt. Von Sudenburg aus geht es dann nach Stadtfeld-West, in die 1925 bis 1929 entstandene Hermann-Beims-Siedlung. Diese Siedlung mit einem Bestand von etwa 2.000 Wohnungen gilt als Musterbeispiel des sozialen Wohnungsbaus im Stil des Neuen Bauens und steht heute unter Denkmalschutz. Ebenfalls als typisches Beispiel f\u00fcr das \u201eNeue Bauen\u201c der 1920er Jahre gilt die Angersiedlung im Magdeburger Stadtteil Cracau, der letzten Station der Bustour. Vom Ausgangspunkt am Alten Markt im Stadtzentrum der Ottostadt geht es dann zu Fu\u00df zum Magdeburger Domplatz, wo sich zahlreiche Architekturstile versammeln.<\/p>\n<p>Der Preis f\u00fcr die Sonderf\u00fchrung am 12. Oktober 2013 betr\u00e4gt 14\u20ac pro Person. Eine vorherige Anmeldung ist bis zum 11. Oktober 2013 in der Tourist-Information Magdeburg m\u00f6glich<br \/>\nBesonderheiten (Preis):\t14\u20ac \/ Person<\/p>\n<p>Veranstaltungsort:\tMagdeburg<br \/>\nPressekontakt:\tMMKT GmbH, Ralf Steinmann; E-Mail: presse-at-magdeburg-tourist.de<br \/>\nWebsite:\twww.magdeburg-tourist.de<\/p>\n","protected":false},"excerpt":{"rendered":"<p>Zeit: 12.10.13 \/ 12.00 Uhr Ort\/Treffpunkt: Otto-von-Guericke-Denkmal, Alter Markt Dauer der Veranstaltung: Zwei Stunden Voranmeldung: 11.10.13, 18 Uhr Veranstalter: MMKT Referent\/Akteur: Herr Willmann Kontakt: des Veranstalters Tourist-Information Magdeburg Ernst-Reuter-Allee 12, 39104 Magdeburg Tel.: 03 91 \/ 83 80 403, Fax: 03 91 \/ 83 80 430 E-Mail: info@magdeburg-tourist.de, www.magdeburg-tourist.de Im Rahmen des diesj\u00e4hrigen Dessauer Triennale-Wochenendes [&hellip;]<\/p>\n","protected":false},"author":1,"featured_media":0,"parent":38,"menu_order":18,"comment_status":"open","ping_status":"open","template":"_template_60_40.php","meta":{"_acf_changed":false,"footnotes":""},"class_list":["post-1800","page","type-page","status-publish","hentry"],"acf":[],"_links":{"self":[{"href":"https:\/\/triennale-der-moderne.de\/2013\/wp-json\/wp\/v2\/pages\/1800"}],"collection":[{"href":"https:\/\/triennale-der-moderne.de\/2013\/wp-json\/wp\/v2\/pages"}],"about":[{"href":"https:\/\/triennale-der-moderne.de\/2013\/wp-json\/wp\/v2\/types\/page"}],"author":[{"embeddable":true,"href":"https:\/\/triennale-der-moderne.de\/2013\/wp-json\/wp\/v2\/users\/1"}],"replies":[{"embeddable":true,"href":"https:\/\/triennale-der-moderne.de\/2013\/wp-json\/wp\/v2\/comments?post=1800"}],"version-history":[{"count":0,"href":"https:\/\/triennale-der-moderne.de\/2013\/wp-json\/wp\/v2\/pages\/1800\/revisions"}],"up":[{"embeddable":true,"href":"https:\/\/triennale-der-moderne.de\/2013\/wp-json\/wp\/v2\/pages\/38"}],"wp:attachment":[{"href":"https:\/\/triennale-der-moderne.de\/2013\/wp-json\/wp\/v2\/media?parent=1800"}],"curies":[{"name":"wp","href":"https:\/\/api.w.org\/{rel}","templated":true}]}}