{"id":1795,"date":"2013-09-23T19:12:08","date_gmt":"2013-09-23T19:12:08","guid":{"rendered":"http:\/\/www.triennale-der-moderne.de\/2013\/?page_id=1795"},"modified":"2013-09-23T19:12:08","modified_gmt":"2013-09-23T19:12:08","slug":"fuhrung-gebaute-vision-umweltbundesamt","status":"publish","type":"page","link":"\/2013\/dessau\/veranstaltungsorte\/fuhrung-gebaute-vision-umweltbundesamt\/","title":{"rendered":"F\u00fchrung &#8222;Gebaute Vision&#8220; (Umweltbundesamt)"},"content":{"rendered":"<p>\nZeit:\tSamstag 11 Uhr<br \/>\nOrt:\tUmweltbundesamt, rechts vom Haupteingang (Fahrradst\u00e4nder)<br \/>\nVeranstalter:\tReisewerk  StattReisen Dessau<br \/>\nReferent\/ Akteur:\tHerr Fackiner<br \/>\nKontakt:\tReisewerk  StattReisen Dessau<br \/>\nHerr Fackiner, Fon: 0340-2211933, info-at-reisewerk.de<\/p>\n<p>Mit dem Umweltbundesamt hat Dessau-Ro\u00dflau gewonnen. Nicht nur eine gro\u00dfe Institution, deren Ansiedlung einen wichtigen Impuls f\u00fcr die Stadtentwicklung setzt, sondern auch ein sehenswertes Geb\u00e4ude. Selbstbewusst greift der Bau umgebendes Welterbe auf. Doch die Landschaftskunst der Aufkl\u00e4rung im Gartenreich und die transparente, funktionale Architektur der Bauhaus- Moderne werden nicht gespiegelt, sondern verschmelzen mit den eigenen Akzenten des \u00f6kologischen Modellcharakters und des modernen, funktionalen B\u00fcrosystems zu einer eigenen markanten \u00c4sthetik.<br \/>\nBesonderheiten:\tPreis: 5,- Euro (Kinder bis 12 Jahre frei)<\/p>\n<p>Veranstaltungsort:\tDessau, W\u00f6rlitzer Platz (Umweltbundesamt)<br \/>\nWebsite:\twww.reisewerk.de<\/p>\n","protected":false},"excerpt":{"rendered":"<p>Zeit: Samstag 11 Uhr Ort: Umweltbundesamt, rechts vom Haupteingang (Fahrradst\u00e4nder) Veranstalter: Reisewerk StattReisen Dessau Referent\/ Akteur: Herr Fackiner Kontakt: Reisewerk StattReisen Dessau Herr Fackiner, Fon: 0340-2211933, info-at-reisewerk.de Mit dem Umweltbundesamt hat Dessau-Ro\u00dflau gewonnen. Nicht nur eine gro\u00dfe Institution, deren Ansiedlung einen wichtigen Impuls f\u00fcr die Stadtentwicklung setzt, sondern auch ein sehenswertes Geb\u00e4ude. Selbstbewusst greift der [&hellip;]<\/p>\n","protected":false},"author":1,"featured_media":0,"parent":38,"menu_order":17,"comment_status":"open","ping_status":"open","template":"_template_60_40.php","meta":{"_acf_changed":false,"footnotes":""},"class_list":["post-1795","page","type-page","status-publish","hentry"],"acf":[],"_links":{"self":[{"href":"https:\/\/triennale-der-moderne.de\/2013\/wp-json\/wp\/v2\/pages\/1795"}],"collection":[{"href":"https:\/\/triennale-der-moderne.de\/2013\/wp-json\/wp\/v2\/pages"}],"about":[{"href":"https:\/\/triennale-der-moderne.de\/2013\/wp-json\/wp\/v2\/types\/page"}],"author":[{"embeddable":true,"href":"https:\/\/triennale-der-moderne.de\/2013\/wp-json\/wp\/v2\/users\/1"}],"replies":[{"embeddable":true,"href":"https:\/\/triennale-der-moderne.de\/2013\/wp-json\/wp\/v2\/comments?post=1795"}],"version-history":[{"count":0,"href":"https:\/\/triennale-der-moderne.de\/2013\/wp-json\/wp\/v2\/pages\/1795\/revisions"}],"up":[{"embeddable":true,"href":"https:\/\/triennale-der-moderne.de\/2013\/wp-json\/wp\/v2\/pages\/38"}],"wp:attachment":[{"href":"https:\/\/triennale-der-moderne.de\/2013\/wp-json\/wp\/v2\/media?parent=1795"}],"curies":[{"name":"wp","href":"https:\/\/api.w.org\/{rel}","templated":true}]}}