{"id":1791,"date":"2013-09-23T19:12:00","date_gmt":"2013-09-23T19:12:00","guid":{"rendered":"http:\/\/www.triennale-der-moderne.de\/2013\/?page_id=1791"},"modified":"2013-09-23T19:12:00","modified_gmt":"2013-09-23T19:12:00","slug":"spaziergang-vom-bauhaus-bis-zyklon-b","status":"publish","type":"page","link":"\/2013\/dessau\/veranstaltungsorte\/spaziergang-vom-bauhaus-bis-zyklon-b\/","title":{"rendered":"Spaziergang &#8222;Vom Bauhaus bis Zyklon B&#8220;"},"content":{"rendered":"<p>\nZeit:\tSamstag 11 Uhr <br \/>\nOrt:\tTreffpunkt Bauhaus <br \/>\nVeranstalter:\tStiftung Bauhaus<br \/>\nReferent\/ Akteur:\tSandra Giegler<br \/>\nKontakt:\tFrau Irrgang, Tel.: +49-340-6508-333, irrgang-at-bauhaus-dessau.de<\/p>\n<p>1931 ging die NSDAP als st\u00e4rkste Partei aus den Gemeinderatswahlen in Dessau hervor. In den Wahlkampfaufrufen der Nationalsozialisten hatte die Schlie\u00dfung des Bauhauses eine zentrale Rolle gespielt. Auch bei den Landtagswahlen des Freistaates Anhalt 1932 wurde sie st\u00e4rkste Partei.  Am 30. September 1932 wurde auf Beschluss der Stadt Dessau das Bauhaus geschlossen. <\/p>\n<p>Knapp neun Jahre sp\u00e4ter, am 3. September 1941 fand im Block 11 des Konzentrationslagers Auschwitz die erste \u201eProbevergasung\u201c mit dem Giftgas Zyklon B, dessen Einsatz sich ab Fr\u00fchjahr 1942 auf den Massenmord an den europ\u00e4ischen Juden ausweitete, statt. Seit 1925 wurde in der Dessauer Zuckerraffinerie das Sch\u00e4dlingsbek\u00e4mpfungsmittel Zyklon B produziert. Die Jahresproduktionen erreichten zwischen 1942 und 1944 H\u00f6chstst\u00e4nde.<br \/>\nNach der Befreiung vom Nationalsozialismus folgte ein jahrzehntelanges Schweigen, das erst durch das Engagement einiger Dessauer, die sich zur \u201eForschungsgruppe Zyklon B\u201c zusammenschlossen, durchbrochen wurde. Nach z\u00e4hem Ringen konnte am 27. Januar 2005, sechzig Jahre nach der Befreiung des Konzentrations- und Vernichtungslagers Auschwitz-Birkenau, der Informations- und Mahnpunkt Zyklon B auf der Brauereibr\u00fccke, in der N\u00e4he des ehemaligen Produktionsstandortes, eingeweiht werden. Von der Forschungsgruppe war urspr\u00fcnglich ein zentralerer Ort in Dessau favorisiert worden.<\/p>\n<p>Der Rundgang \u201eDessau und die Moderne \u2013 vom Bauhaus bis Zyklon B\u201c verdeutlicht an Zwischenstationen den historischen Weg von der Schlie\u00dfung des Bauhauses bis zur Einrichtung des Gedenkortes auf der Brauereibr\u00fccke. Dort k\u00f6nnen die Teilnehmer pers\u00f6nliche Eindr\u00fccke \u00fcber Gestaltung und Standort gewinnen.<br \/>\nBilder:\t06 die Holocaust\u00fcberlebende Rozette Kats aus den Niederlanden am Info- und Mahnpunkt Zyklon B, geboren 1942 in Amsterdam \u00fcberlebte sie versteckt bei christlichen Pflegeeltern, Eltern und 1943 in Westerbork geborener Bruder im November 1943 nach Auschwitz-Birkenau deportiert und dort ermordet.\n<\/p>\n<p><\/p>\n","protected":false},"excerpt":{"rendered":"<p>Zeit: Samstag 11 Uhr Ort: Treffpunkt Bauhaus Veranstalter: Stiftung Bauhaus Referent\/ Akteur: Sandra Giegler Kontakt: Frau Irrgang, Tel.: +49-340-6508-333, irrgang-at-bauhaus-dessau.de 1931 ging die NSDAP als st\u00e4rkste Partei aus den Gemeinderatswahlen in Dessau hervor. In den Wahlkampfaufrufen der Nationalsozialisten hatte die Schlie\u00dfung des Bauhauses eine zentrale Rolle gespielt. Auch bei den Landtagswahlen des Freistaates Anhalt 1932 [&hellip;]<\/p>\n","protected":false},"author":1,"featured_media":0,"parent":38,"menu_order":16,"comment_status":"open","ping_status":"open","template":"_template_60_40.php","meta":{"_acf_changed":false,"footnotes":""},"class_list":["post-1791","page","type-page","status-publish","hentry"],"acf":[],"_links":{"self":[{"href":"https:\/\/triennale-der-moderne.de\/2013\/wp-json\/wp\/v2\/pages\/1791"}],"collection":[{"href":"https:\/\/triennale-der-moderne.de\/2013\/wp-json\/wp\/v2\/pages"}],"about":[{"href":"https:\/\/triennale-der-moderne.de\/2013\/wp-json\/wp\/v2\/types\/page"}],"author":[{"embeddable":true,"href":"https:\/\/triennale-der-moderne.de\/2013\/wp-json\/wp\/v2\/users\/1"}],"replies":[{"embeddable":true,"href":"https:\/\/triennale-der-moderne.de\/2013\/wp-json\/wp\/v2\/comments?post=1791"}],"version-history":[{"count":0,"href":"https:\/\/triennale-der-moderne.de\/2013\/wp-json\/wp\/v2\/pages\/1791\/revisions"}],"up":[{"embeddable":true,"href":"https:\/\/triennale-der-moderne.de\/2013\/wp-json\/wp\/v2\/pages\/38"}],"wp:attachment":[{"href":"https:\/\/triennale-der-moderne.de\/2013\/wp-json\/wp\/v2\/media?parent=1791"}],"curies":[{"name":"wp","href":"https:\/\/api.w.org\/{rel}","templated":true}]}}