{"id":1781,"date":"2013-09-23T19:11:46","date_gmt":"2013-09-23T19:11:46","guid":{"rendered":"http:\/\/www.triennale-der-moderne.de\/2013\/?page_id=1781"},"modified":"2013-09-23T19:11:46","modified_gmt":"2013-09-23T19:11:46","slug":"bauhaustiere-und-zuckerwatte","status":"publish","type":"page","link":"\/2013\/dessau\/veranstaltungsorte\/bauhaustiere-und-zuckerwatte\/","title":{"rendered":"Austellung &#8222;Bauhaustiere und Zuckerwatte&#8220;"},"content":{"rendered":"<p>\nWas:\tAusstellung Tierpark<br \/> <br \/>\nZeit:\tSamstag und Sonntag 9-18 Uhr<br \/>\nOrt:\tTierpark, Querallee 8<br \/>\nVeranstalter:\tStadt Dessau<\/p>\n<p>Der st\u00e4dtische Tierpark, ein Ort um allen Generationen zu begegnen, l\u00e4dt zum Triennale Wochenende  ein, den Bauhausgedanken direkt und unmittelbar in die eigene Gegenwart zu integrieren. Mit dem Vorhaben, das Bauhaus vor allem auch im st\u00e4dtischen Raum erfahrbar zu machen, wird dem Tierpark damit eine ganz neue und experimentelle Bedeutung zugesprochen. Dabei soll das Anliegen des Bauhauses, die Aufhebung der Kluft zwischen K\u00fcnstlern und Betrachtenden, ma\u00dfgeblich Programm sein. <\/p>\n<p>In einer tempor\u00e4ren open Air Ausstellung entlang der Anlagen im Tierpark werden gedruckte Gem\u00e4lde und Grafiken des Bauhausk\u00fcnstlers Paul Klee pr\u00e4sentiert, die aus seiner Schaffenszeit in Weimar und Dessau stammen. <\/p>\n<p>Klees zentrales Anliegen war die grundlegende Erfassung der Beziehungen zwischen Linie, Form und Farbe im Raum. Diese vielseitigen daraus entstandenen Werke sollen experimentell im \u00f6ffentlichen Raum erfasst werden, um von den Betrachtenden selbst in Beziehung zu seinem Lebensraum angezweifelt, interpretiert, angenommen oder abgetan werden. Gewiss ist, dass der K\u00fcnstler besch\u00e4ftigen wird.\n<\/p>\n<p><\/p>\n","protected":false},"excerpt":{"rendered":"<p>Was: Ausstellung Tierpark Zeit: Samstag und Sonntag 9-18 Uhr Ort: Tierpark, Querallee 8 Veranstalter: Stadt Dessau Der st\u00e4dtische Tierpark, ein Ort um allen Generationen zu begegnen, l\u00e4dt zum Triennale Wochenende ein, den Bauhausgedanken direkt und unmittelbar in die eigene Gegenwart zu integrieren. Mit dem Vorhaben, das Bauhaus vor allem auch im st\u00e4dtischen Raum erfahrbar zu [&hellip;]<\/p>\n","protected":false},"author":1,"featured_media":0,"parent":38,"menu_order":14,"comment_status":"open","ping_status":"open","template":"_template_60_40.php","meta":{"_acf_changed":false,"footnotes":""},"class_list":["post-1781","page","type-page","status-publish","hentry"],"acf":[],"_links":{"self":[{"href":"https:\/\/triennale-der-moderne.de\/2013\/wp-json\/wp\/v2\/pages\/1781"}],"collection":[{"href":"https:\/\/triennale-der-moderne.de\/2013\/wp-json\/wp\/v2\/pages"}],"about":[{"href":"https:\/\/triennale-der-moderne.de\/2013\/wp-json\/wp\/v2\/types\/page"}],"author":[{"embeddable":true,"href":"https:\/\/triennale-der-moderne.de\/2013\/wp-json\/wp\/v2\/users\/1"}],"replies":[{"embeddable":true,"href":"https:\/\/triennale-der-moderne.de\/2013\/wp-json\/wp\/v2\/comments?post=1781"}],"version-history":[{"count":0,"href":"https:\/\/triennale-der-moderne.de\/2013\/wp-json\/wp\/v2\/pages\/1781\/revisions"}],"up":[{"embeddable":true,"href":"https:\/\/triennale-der-moderne.de\/2013\/wp-json\/wp\/v2\/pages\/38"}],"wp:attachment":[{"href":"https:\/\/triennale-der-moderne.de\/2013\/wp-json\/wp\/v2\/media?parent=1781"}],"curies":[{"name":"wp","href":"https:\/\/api.w.org\/{rel}","templated":true}]}}