{"id":1758,"date":"2013-09-23T16:44:33","date_gmt":"2013-09-23T16:44:33","guid":{"rendered":"http:\/\/www.triennale-der-moderne.de\/2013\/?page_id=1758"},"modified":"2013-09-23T16:44:33","modified_gmt":"2013-09-23T16:44:33","slug":"siedlung-schillerpark","status":"publish","type":"page","link":"\/2013\/berlin\/veranstaltungsorte\/siedlung-schillerpark\/","title":{"rendered":"Siedlung am Schillerpark"},"content":{"rendered":"<p>Der 1912\/13 fertiggestellte Schillerpark im Wedding gilt weit \u00fcber Berlin hinaus als erste moderne Parksch\u00f6pfung und Vorl\u00e4ufer der Volksparkanlagen der 20er Jahre. Sein Sch\u00f6pfer Friedrich Bauer setzte sich trotz beharrender Tendenzen der sp\u00e4ten Kaiserzeit in Wettbewerb durch, da das Preisgericht mit Reformern wie Max Liebermann, Alfred Lichtwark, Fritz Encke und Ludwig Hoffmann besetzt war.<br \/>\nDa der Park in der Pufferzone der Welterbesiedlung liegt, konnten hier auch Mittel aus dem Bundesf\u00f6rderprogramm f\u00fcr die Welterbest\u00e4tten eingesetzt und Parkbereiche  und die Plansche denkmalgerecht instandgesetzt werden. Die Ergebnisse werden vorgestellt.<br \/>\n<br \/>\nDie in mehreren Bauabschnitten 1924-1930 nach den Entw\u00fcrfen Bruno Tauts errichtete Siedlung Schillerpark besticht neben der charakteristischen, von holl\u00e4ndischen Vorbildern beeinflussten Architektur auch durch hochwertige Gartenanlagen und Spielpl\u00e4tze, die der Philosophie Tauts zum Au\u00dfenraum als erweitertem Wohnraum folgen.<br \/>\nDiese gut erhaltenen Anlagen werden gegenw\u00e4rtig ebenfalls mit Bundesf\u00f6rdermitteln durch die Berliner Wohnungsgenossenschaft von 1892 restauriert.<br \/>\nZwischen 1954 und 1959 erg\u00e4nzte Hans Hoffmann die unvollendete und im Krieg besch\u00e4digte Siedlung um mehrere Zeilenbauten und f\u00fcgte einen gestalterisch eigenst\u00e4ndigen Abschnitt hinzu. F\u00fcr die Gartenarchitektur zeichnete hier Walter Rossow verantwortlich. Auch diese Gartenanlagen in der Sprache der 50er Jahre konnten sorgf\u00e4ltig instandgesetzt werden. Die weitgehend abgeschlossenen Arbeiten werden beim Rundgang erl\u00e4utert.<br \/>\nDie Siedlung Schillerpark wurde auch bereits mit einem f\u00fcr alle Welterbesiedlungen einheitlichen Leitsystem ausgestattet, weitere Informationen bieten der Welterbekiosk am Parkrand und eine ehemalige Ladenwohnung in der Siedlung.\n<\/p>\n<p>\n<strong>F\u00fchrung: Sa. 28.9. 15 Uhr<\/strong><br \/>\nDipl. Ing. Klaus Lingenauber, Landesdenkmalamt Berlin<br \/>\nLandschaftsarchitekt Klaus Peter Hackenberg, Berlin<\/p>\n<p>\nTreffpunkt:<br \/>\nBristol-\/ Ecke Dublinerstra\u00dfe, Sa 28.9.13, 15:00 Uhr<br \/>\nmax. 30 Personen, Anmeldung \u00fcber <a href=\"mailto:auftrag@kulturspionage.com\">auftrag-at-kulturspionage.com<\/a><\/p>\n","protected":false},"excerpt":{"rendered":"<p>Der 1912\/13 fertiggestellte Schillerpark im Wedding gilt weit \u00fcber Berlin hinaus als erste moderne Parksch\u00f6pfung und Vorl\u00e4ufer der Volksparkanlagen der 20er Jahre. Sein Sch\u00f6pfer Friedrich Bauer setzte sich trotz beharrender Tendenzen der sp\u00e4ten Kaiserzeit in Wettbewerb durch, da das Preisgericht mit Reformern wie Max Liebermann, Alfred Lichtwark, Fritz Encke und Ludwig Hoffmann besetzt war. Da [&hellip;]<\/p>\n","protected":false},"author":1,"featured_media":0,"parent":28,"menu_order":31,"comment_status":"open","ping_status":"open","template":"_template_60_40.php","meta":{"_acf_changed":false,"footnotes":""},"class_list":["post-1758","page","type-page","status-publish","hentry"],"acf":[],"_links":{"self":[{"href":"https:\/\/triennale-der-moderne.de\/2013\/wp-json\/wp\/v2\/pages\/1758"}],"collection":[{"href":"https:\/\/triennale-der-moderne.de\/2013\/wp-json\/wp\/v2\/pages"}],"about":[{"href":"https:\/\/triennale-der-moderne.de\/2013\/wp-json\/wp\/v2\/types\/page"}],"author":[{"embeddable":true,"href":"https:\/\/triennale-der-moderne.de\/2013\/wp-json\/wp\/v2\/users\/1"}],"replies":[{"embeddable":true,"href":"https:\/\/triennale-der-moderne.de\/2013\/wp-json\/wp\/v2\/comments?post=1758"}],"version-history":[{"count":0,"href":"https:\/\/triennale-der-moderne.de\/2013\/wp-json\/wp\/v2\/pages\/1758\/revisions"}],"up":[{"embeddable":true,"href":"https:\/\/triennale-der-moderne.de\/2013\/wp-json\/wp\/v2\/pages\/28"}],"wp:attachment":[{"href":"https:\/\/triennale-der-moderne.de\/2013\/wp-json\/wp\/v2\/media?parent=1758"}],"curies":[{"name":"wp","href":"https:\/\/api.w.org\/{rel}","templated":true}]}}