{"id":1743,"date":"2013-09-23T19:10:50","date_gmt":"2013-09-23T19:10:50","guid":{"rendered":"http:\/\/www.triennale-der-moderne.de\/2013\/?page_id=1743"},"modified":"2013-09-23T19:10:50","modified_gmt":"2013-09-23T19:10:50","slug":"test","status":"publish","type":"page","link":"\/2013\/dessau\/veranstaltungsorte\/test\/","title":{"rendered":"A Capella Festival &#8222;VocalRausch&#8220; &#8211; Tonalrausch"},"content":{"rendered":"<p>\nZeit: Do 10.10 &#8211; 20Uhr<br \/>\nOrt: Altes Theater<br \/>\nVeranstalter: Beatclub Dessau<br \/>\nReferent\/Akteur: Herr Folta<br \/>\nKarteninfo: Mit dem nicht rechtzeitigen Erscheinen <br \/>\nwird eine Garantie auf Einlass zur Veranstaltung hinf\u00e4llig.<br \/>\nKartenendpreis: 18\u20ac \/ 14\u20ac erm. (Einlass mit Festivalpass m\u00f6glich 50\u20ac \/ erm. 40\u20ac)<br \/>\nFestivalpass auf <a href=\"http:\/\/www.anhalt-ticket.de\" target=\"_blank\">www.anhalt-ticket.de<\/a><\/p>\n<p>Im Oktober 2013 startet in Dessau das erste Vokalfestival: Vokalrausch. Iniziiert vom in Leipzig lebenden umtriebigen Dessauer Spr\u00f6\u00dfling Daniel Barke, pr\u00e4sentiert er mit seiner international mehrfach ausgezeichneten Vocal Group Tonalrausch eine Vielzahl hochklassiker Gruppen aus Deutschland. Die Vokalszene hat in den letzten Jahren einen gro\u00dfen Schritt in Richtung Mainstream getan. Festivals wie &#8222;A Cappella Leipzig&#8220; beweisen, dass die M\u00f6glichkeiten mit menschlicher Stimme zwischen Klassik und Elektro, Jazz und Entertainment-pop scheinbar endlos sind. <br \/>\nDie explodierenden Publikumszahlen sind der Beweis: In einer Zeit der digitalen und oftmals stark effektisierenden Musikwelt, lieben die Menschen eben auch das Echte, Handgemachte und Bestaunenswerte: Vokalmusik. Dass dieser Begriff entstaubt werden muss, beweist dieses Festival, welches den Anhaltern erstmals vorf\u00fchren wird, wie Beatboxer, flirrende Arrangements, anr\u00fchrende Songs und wundervolle Stimmen, die zu einem Instrument verschmelzen, das Dessauer Publikum begeistern werden.<br \/>\nDas Gastgeber-Ensemble Tonalrausch l\u00e4dt nun allj\u00e4hrlich seine beliebtesten Freunde und Kollegen auf die wundervolle B\u00fchne des neuen &#8222;ALTEN THEATERS&#8220; und zeigt in den Festivaltagen mit gro\u00dfer Stimmgewalt, dass Dessau, diese Stimmen n\u00f6tig hat. Neben den Konzerten sind attraktive Workshops und Aftershowsessions mit den Auftrittsbands geplant.<\/p>\n<p>Website: www.vokalrausch.de<\/p>\n","protected":false},"excerpt":{"rendered":"<p>Zeit: Do 10.10 &#8211; 20Uhr Ort: Altes Theater Veranstalter: Beatclub Dessau Referent\/Akteur: Herr Folta Karteninfo: Mit dem nicht rechtzeitigen Erscheinen wird eine Garantie auf Einlass zur Veranstaltung hinf\u00e4llig. Kartenendpreis: 18\u20ac \/ 14\u20ac erm. (Einlass mit Festivalpass m\u00f6glich 50\u20ac \/ erm. 40\u20ac) Festivalpass auf www.anhalt-ticket.de Im Oktober 2013 startet in Dessau das erste Vokalfestival: Vokalrausch. Iniziiert [&hellip;]<\/p>\n","protected":false},"author":1,"featured_media":0,"parent":38,"menu_order":2,"comment_status":"open","ping_status":"open","template":"_template_60_40.php","meta":{"_acf_changed":false,"footnotes":""},"class_list":["post-1743","page","type-page","status-publish","hentry"],"acf":[],"_links":{"self":[{"href":"https:\/\/triennale-der-moderne.de\/2013\/wp-json\/wp\/v2\/pages\/1743"}],"collection":[{"href":"https:\/\/triennale-der-moderne.de\/2013\/wp-json\/wp\/v2\/pages"}],"about":[{"href":"https:\/\/triennale-der-moderne.de\/2013\/wp-json\/wp\/v2\/types\/page"}],"author":[{"embeddable":true,"href":"https:\/\/triennale-der-moderne.de\/2013\/wp-json\/wp\/v2\/users\/1"}],"replies":[{"embeddable":true,"href":"https:\/\/triennale-der-moderne.de\/2013\/wp-json\/wp\/v2\/comments?post=1743"}],"version-history":[{"count":0,"href":"https:\/\/triennale-der-moderne.de\/2013\/wp-json\/wp\/v2\/pages\/1743\/revisions"}],"up":[{"embeddable":true,"href":"https:\/\/triennale-der-moderne.de\/2013\/wp-json\/wp\/v2\/pages\/38"}],"wp:attachment":[{"href":"https:\/\/triennale-der-moderne.de\/2013\/wp-json\/wp\/v2\/media?parent=1743"}],"curies":[{"name":"wp","href":"https:\/\/api.w.org\/{rel}","templated":true}]}}