{"id":17,"date":"2013-05-04T10:06:20","date_gmt":"2013-05-04T10:06:20","guid":{"rendered":"http:\/\/www.triennale-der-moderne.de\/2013\/\/?page_id=17"},"modified":"2016-01-16T08:48:00","modified_gmt":"2016-01-16T07:48:00","slug":"presse-download-bereich","status":"publish","type":"page","link":"\/2013\/allgemein\/presse-download-bereich\/","title":{"rendered":"Presse- &amp; Download-Bereich"},"content":{"rendered":"<p>&nbsp;<\/p>\n<h3 class=\"red\">Pressemeldung zur Triennale der Moderne<\/h3>\n<ul class=\"arrow\">\n<li><a href=\"http:\/\/triennale.pnoom.com\/wp-content\/uploads\/sites\/5\/2013\/05\/TdM2013_PM_Allgemein.pdf\">Allgemeine Presseinformation zur Gesamtinitiative &#8222;Triennale der Moderne&#8220;, beteiligten Organisationen sowie Programmschwerpunkten in allen drei Veranstaltungsst\u00e4tten als PDF<\/a><\/li>\n<\/ul>\n<p>&nbsp;<\/p>\n<h3 class=\"red\">Berlin &#8211; Presseinfos und Bildmaterial<\/h3>\n<ul class=\"arrow\">\n<li><a href=\"http:\/\/triennale.pnoom.com\/wp-content\/uploads\/sites\/5\/2013\/09\/PM_Triennale_Berlin_2013.pdf\">Berliner Presseinformation zur &#8222;Triennale der Moderne&#8220; als PDF<\/a><\/li>\n<li><a href=\"mailto:auftrag@kulturspionage.com?cc=ben@buschfeld.com\">Presseanfragen zum Berliner Programm per Mail senden<\/a><\/li>\n<li><a href=\"http:\/\/triennale.pnoom.com\/wp-content\/uploads\/sites\/5\/2013\/09\/Berlin_Triennale-der-Moderne_Fotoauswahl_Pressebilder_18Motive.zip\" target=\"_blank\">ZIP-Archiv mit Bildmaterial von\/zu Berliner Veranstaltungsorten [25 MB]<br \/>\n(Gesamtdateigr\u00f6\u00dfe = 25 Megabyte, Download \u00fcber rechte Maustaste)<\/a><\/li>\n<\/ul>\n<p>&nbsp;<\/p>\n<h3 class=\"red\">Dessau &#8211; Presseinfos und Bildmaterial<\/h3>\n<ul class=\"arrow\">\n<li><a href=\"http:\/\/triennale.pnoom.com\/wp-content\/uploads\/sites\/5\/2013\/09\/PM_Triennale_Dessau_2013.pdf\">Dessauer Presseinformation zur &#8222;Triennale der Moderne&#8220; als PDF<\/a><\/li>\n<li><a href=\"mailto:service@bauhaus-dessau.de\">Presseanfragen zum Dessauer Programm per Mail senden<\/a><\/li>\n<li><a href=\"http:\/\/triennale.pnoom.com\/wp-content\/uploads\/sites\/5\/2013\/09\/Dessau_Triennale-der-Moderne_Fotoauswahl_5Motive.zip\" target=\"_blank\">ZIP-Archiv mit Bildmaterial von\/zu Dessauer Veranstaltungsorten [7 MB]<br \/>\n(Gesamtdateigr\u00f6\u00dfe = 7 Megabyte, Download \u00fcber rechte Maustaste)<\/a><\/li>\n<\/ul>\n<p>&nbsp;<\/p>\n<h3 class=\"red\">Weimar &#8211; Presseinfos und Bildmaterial<\/h3>\n<ul class=\"arrow\">\n<li><a href=\"http:\/\/triennale.pnoom.com\/wp-content\/uploads\/sites\/5\/2013\/09\/PM_Triennale_Weimar_2013.pdf\">Weimarer Presseinformation zur &#8222;Triennale der Moderne&#8220; als PDF<\/a><\/li>\n<li><a href=\"mailto:presse@weimar.de\">Presseanfragen zum Weimarer Programm per Mail senden<\/a><\/li>\n<li><a href=\"http:\/\/www.vandevelde2013.de\" target=\"_blank\">Bildmaterial zu Weimarer Veranstaltungsorten unter www.vandevelde2013.de<\/a><\/li>\n<\/ul>\n<p>&nbsp;<\/p>\n<h3 class=\"red\">Allgemeiner Programmflyer<\/h3>\n<ul class=\"arrow\">\n<li><a href=\"http:\/\/triennale.pnoom.com\/wp-content\/uploads\/sites\/5\/2013\/05\/Flyer_Triennale-der-Moderne_Web.pdf\">Programmflyer zur &#8222;Triennale der Moderne&#8220; als PDF-Download<\/a><\/li>\n<\/ul>\n<p>&nbsp;<\/p>\n<h3 class=\"red\">Facebook-Newspage and English summary<\/h3>\n<p><em>For current news and a short summary in English please see our Facebook-page<\/em><br \/>\nAktuelle Infos finden Sie auch auf der Freundes- und News-Seite bei Facebook<br \/>\n<a title=\"Link zu Facebook-Page\" href=\"https:\/\/www.facebook.com\/TriennaleDerModerne\" target=\"_blank\">www.facebook.com\/TriennaleDerModerne<\/a><\/p>\n<p>&nbsp;<\/p>\n<h3 class=\"red\">Plakate<\/h3>\n<p>Gedruckte Plakate im Format DIN A2 zum Aushang vor Ort beziehen Sie bitte<br \/>\n\u00fcber die jeweiligen Ansprechpartner in den drei Veranstaltungsst\u00e4dten unter<br \/>\nder jeweiligen Unterrubrik &#8222;Schwerpunkt &amp; Kontakt&#8220;<\/p>\n<p>&nbsp;<\/p>\n<h3 class=\"red\">Hinweis zu Nutzungsrechten<\/h3>\n<p>Auf dieser Website gezeigte Fotos, Texte oder sonstige Abbildungen wurden den Betreibern sofern nicht anders vermerkt von den beteiligten Partnern, Veranstaltern oder von durch diese koordinierte und erm\u00e4chtigte Dritte zur Verf\u00fcgung gestellt. Grunds\u00e4tzlich unterliegen alle hier gezeigten Inhalte und Abbildungen dem Urheberrecht und d\u00fcrfen nicht ohne schriftliche Genehmigung des Urhebers bzw. des Inhabers der Ver\u00f6ffentlichungs- und Verwertungsrechte anderweitig verwendet oder kopiert werden. Der Kontakt erfolgt \u00fcber die Verantwortlichen f\u00fcr Presse- und \u00d6ffentlichkeitsarbeit des jeweils zust\u00e4ndigen Veranstalters. Die Inhalte der ZIP-Bildarchive sind in der Regel frei verf\u00fcgbar. Bitte beachten Sie die Quellen- und Copyrightangaben innerhalb der Dateinamen.<\/p>\n","protected":false},"excerpt":{"rendered":"<p>&nbsp; Pressemeldung zur Triennale der Moderne Allgemeine Presseinformation zur Gesamtinitiative &#8222;Triennale der Moderne&#8220;, beteiligten Organisationen sowie Programmschwerpunkten in allen drei Veranstaltungsst\u00e4tten als PDF &nbsp; Berlin &#8211; Presseinfos und Bildmaterial Berliner Presseinformation zur &#8222;Triennale der Moderne&#8220; als PDF Presseanfragen zum Berliner Programm per Mail senden ZIP-Archiv mit Bildmaterial von\/zu Berliner Veranstaltungsorten [25 MB] (Gesamtdateigr\u00f6\u00dfe = 25 [&hellip;]<\/p>\n","protected":false},"author":1,"featured_media":0,"parent":404,"menu_order":14,"comment_status":"open","ping_status":"closed","template":"_template_60_40.php","meta":{"_acf_changed":false,"footnotes":""},"class_list":["post-17","page","type-page","status-publish","hentry"],"acf":[],"_links":{"self":[{"href":"https:\/\/triennale-der-moderne.de\/2013\/wp-json\/wp\/v2\/pages\/17"}],"collection":[{"href":"https:\/\/triennale-der-moderne.de\/2013\/wp-json\/wp\/v2\/pages"}],"about":[{"href":"https:\/\/triennale-der-moderne.de\/2013\/wp-json\/wp\/v2\/types\/page"}],"author":[{"embeddable":true,"href":"https:\/\/triennale-der-moderne.de\/2013\/wp-json\/wp\/v2\/users\/1"}],"replies":[{"embeddable":true,"href":"https:\/\/triennale-der-moderne.de\/2013\/wp-json\/wp\/v2\/comments?post=17"}],"version-history":[{"count":5,"href":"https:\/\/triennale-der-moderne.de\/2013\/wp-json\/wp\/v2\/pages\/17\/revisions"}],"predecessor-version":[{"id":2294,"href":"https:\/\/triennale-der-moderne.de\/2013\/wp-json\/wp\/v2\/pages\/17\/revisions\/2294"}],"up":[{"embeddable":true,"href":"https:\/\/triennale-der-moderne.de\/2013\/wp-json\/wp\/v2\/pages\/404"}],"wp:attachment":[{"href":"https:\/\/triennale-der-moderne.de\/2013\/wp-json\/wp\/v2\/media?parent=17"}],"curies":[{"name":"wp","href":"https:\/\/api.w.org\/{rel}","templated":true}]}}