{"id":1514,"date":"2013-07-02T13:28:49","date_gmt":"2013-07-02T13:28:49","guid":{"rendered":"http:\/\/www.triennale-der-moderne.de\/2013\/?page_id=1514"},"modified":"2013-07-02T13:28:49","modified_gmt":"2013-07-02T13:28:49","slug":"bauhausbuehne-song-vom-letzten-bauhausfest","status":"publish","type":"page","link":"\/2013\/dessau\/veranstaltungsorte\/bauhausbuehne-song-vom-letzten-bauhausfest\/","title":{"rendered":"Bauhaus-B\u00fchne &#8222;Song vom letzten Bauhausfest&#8220;"},"content":{"rendered":"<p>\nDie Schlie\u00dfung des Bauhauses in Dessau war 1932 der Anfang vom Ende. Die Nationalsozialisten demonstrierten damit ihre neu gewonnene St\u00e4rke und ihre kulturfeindliche Haltung gegen die Positionen der Klassischen Moderne. Unter dem Titel \u201eSong vom letzten Bauhausfest\u201c, der einem Gem\u00e4lde des Dessauer Bauh\u00e4uslers Carl Marx entlehnt ist, soll im Rahmen der neuen Bauhaus-Triennale in Text und Musik an diese Z\u00e4sur der Stadtgeschichte erinnert werden. Werke von Stefan Wolpe, Paul Hindemith, Kurt Weill und John Cage treffen dabei auf belletristische und journalistische Texte von Zeitgenossen. Es musizieren und lesen K\u00fcnstler des Anhaltischen Theaters, das 1925 ein wesentlicher Grund f\u00fcr die Ansiedlung des Bauhauses in Dessau war.<\/p>\n<p><p>Termin: Samstag, den 12.102013 um 19:30 Uhr<br \/>\nVeranstaltungsort: Bauhausb\u00fchne im Bauhausgeb\u00e4ude<br \/>\nGropiusallee 38, 06846 Desssau<br \/>\nVeranstalter: Anhaltinisches Theater und Stiftung Bauhaus Dessau<\/p>\n<p>\nKontakt:<br \/>\nFranziska Blech<br \/>\nLeitung Presse- und \u00d6ffentlichkeitsarbeit \/ Marketing<br \/>\nAnhaltisches Theater Dessau<br \/>\nFriedensplatz 1a, 06844 Dessau-Ro\u00dflau<br \/>\nTel. 0340 \/ 2511 &#8211; 324<br \/>\n<a href=\"mailto:franziska.blech@anhaltisches-theater.de\">franziska.blech-at-anhaltisches-theater.de<\/a><br \/>\n<a href=\"http:\/\/www.anhaltisches-theater.de\" target=\"_blank\">www.anhaltisches-theater.de<\/a><br \/>\n<a href=\"http:\/\/www.der-ring-in-dessau.de\" target=\"_blank\">www.der-ring-in-dessau.de<\/a><\/p>\n","protected":false},"excerpt":{"rendered":"<p>Die Schlie\u00dfung des Bauhauses in Dessau war 1932 der Anfang vom Ende. Die Nationalsozialisten demonstrierten damit ihre neu gewonnene St\u00e4rke und ihre kulturfeindliche Haltung gegen die Positionen der Klassischen Moderne. Unter dem Titel \u201eSong vom letzten Bauhausfest\u201c, der einem Gem\u00e4lde des Dessauer Bauh\u00e4uslers Carl Marx entlehnt ist, soll im Rahmen der neuen Bauhaus-Triennale in Text [&hellip;]<\/p>\n","protected":false},"author":1,"featured_media":0,"parent":38,"menu_order":61,"comment_status":"open","ping_status":"open","template":"_template_60_40.php","meta":{"_acf_changed":false,"footnotes":""},"class_list":["post-1514","page","type-page","status-publish","hentry"],"acf":[],"_links":{"self":[{"href":"https:\/\/triennale-der-moderne.de\/2013\/wp-json\/wp\/v2\/pages\/1514"}],"collection":[{"href":"https:\/\/triennale-der-moderne.de\/2013\/wp-json\/wp\/v2\/pages"}],"about":[{"href":"https:\/\/triennale-der-moderne.de\/2013\/wp-json\/wp\/v2\/types\/page"}],"author":[{"embeddable":true,"href":"https:\/\/triennale-der-moderne.de\/2013\/wp-json\/wp\/v2\/users\/1"}],"replies":[{"embeddable":true,"href":"https:\/\/triennale-der-moderne.de\/2013\/wp-json\/wp\/v2\/comments?post=1514"}],"version-history":[{"count":0,"href":"https:\/\/triennale-der-moderne.de\/2013\/wp-json\/wp\/v2\/pages\/1514\/revisions"}],"up":[{"embeddable":true,"href":"https:\/\/triennale-der-moderne.de\/2013\/wp-json\/wp\/v2\/pages\/38"}],"wp:attachment":[{"href":"https:\/\/triennale-der-moderne.de\/2013\/wp-json\/wp\/v2\/media?parent=1514"}],"curies":[{"name":"wp","href":"https:\/\/api.w.org\/{rel}","templated":true}]}}