{"id":1456,"date":"2013-07-01T13:37:33","date_gmt":"2013-07-01T13:37:33","guid":{"rendered":"http:\/\/www.triennale-der-moderne.de\/2013\/?page_id=1456"},"modified":"2013-07-01T13:37:33","modified_gmt":"2013-07-01T13:37:33","slug":"meister-klee-lichtzeichnung-atelierhaus","status":"publish","type":"page","link":"\/2013\/dessau\/veranstaltungsorte\/meister-klee-lichtzeichnung-atelierhaus\/","title":{"rendered":"Lichtinstallation &#8222;Meister Klee&#8220;"},"content":{"rendered":"<p>Die Lichtinstallation Meister Klee! Der K\u00fcnstlerin Darya von Berner wird an der ber\u00fchmten Fassade des Atelierhausgeb\u00e4udes gezeigt.<br \/>\nSie ist eine dreidimensionale \u00dcbersetzung einer Zeichnung von Paul Klee in architektonischen Dimensionen. Klee war Professor f\u00fcr Formenvermittlung am Bauhaus. In seinen Lehren betonte er die Bedeutung der Dynamik und der sich \u00f6ffnenden Form. F\u00fcr die Installation werden die farbigen Linien der Originalzeichnung mit Light Tape nachgezeichnet. <a href=\"http:\/\/www.lighttape.com\/\" target=\"_blank\">Light Tape<\/a> ist eine neue, h\u00f6chst energieeffiziente Lichttechnologie in Form eines flexiblen Lichtbands.<\/p>\n<p>\nDer performative Teil des Projekts, wird ganz am Anfang der Installation stattfinden. So wie zu Zeiten, als das Bauhaus als Hochschule aktiv war, werden die Balkone f\u00fcr Kommunikation und Zusammenspiel genutzt werden. Auf jedem Balkon wird eine Person stehen, die das Light Tape zuerst anschaltet und dann auch befestigt Wenn die gesamte Installation beleuchtet und angebracht ist, verbleibt sie f\u00fcr die folgenden Tage des Triennale der Moderne Wochenendes an Ort und Stelle.\n<\/p><\/p>\n","protected":false},"excerpt":{"rendered":"<p>Die Lichtinstallation Meister Klee! Der K\u00fcnstlerin Darya von Berner wird an der ber\u00fchmten Fassade des Atelierhausgeb\u00e4udes gezeigt. Sie ist eine dreidimensionale \u00dcbersetzung einer Zeichnung von Paul Klee in architektonischen Dimensionen. Klee war Professor f\u00fcr Formenvermittlung am Bauhaus. In seinen Lehren betonte er die Bedeutung der Dynamik und der sich \u00f6ffnenden Form. F\u00fcr die Installation werden [&hellip;]<\/p>\n","protected":false},"author":1,"featured_media":0,"parent":38,"menu_order":58,"comment_status":"open","ping_status":"open","template":"_template_60_40.php","meta":{"_acf_changed":false,"footnotes":""},"class_list":["post-1456","page","type-page","status-publish","hentry"],"acf":[],"_links":{"self":[{"href":"https:\/\/triennale-der-moderne.de\/2013\/wp-json\/wp\/v2\/pages\/1456"}],"collection":[{"href":"https:\/\/triennale-der-moderne.de\/2013\/wp-json\/wp\/v2\/pages"}],"about":[{"href":"https:\/\/triennale-der-moderne.de\/2013\/wp-json\/wp\/v2\/types\/page"}],"author":[{"embeddable":true,"href":"https:\/\/triennale-der-moderne.de\/2013\/wp-json\/wp\/v2\/users\/1"}],"replies":[{"embeddable":true,"href":"https:\/\/triennale-der-moderne.de\/2013\/wp-json\/wp\/v2\/comments?post=1456"}],"version-history":[{"count":0,"href":"https:\/\/triennale-der-moderne.de\/2013\/wp-json\/wp\/v2\/pages\/1456\/revisions"}],"up":[{"embeddable":true,"href":"https:\/\/triennale-der-moderne.de\/2013\/wp-json\/wp\/v2\/pages\/38"}],"wp:attachment":[{"href":"https:\/\/triennale-der-moderne.de\/2013\/wp-json\/wp\/v2\/media?parent=1456"}],"curies":[{"name":"wp","href":"https:\/\/api.w.org\/{rel}","templated":true}]}}