{"id":1453,"date":"2013-07-01T13:33:10","date_gmt":"2013-07-01T13:33:10","guid":{"rendered":"http:\/\/www.triennale-der-moderne.de\/2013\/?page_id=1453"},"modified":"2013-07-01T13:33:10","modified_gmt":"2013-07-01T13:33:10","slug":"kinderprojekt-entdeckertour-durch-die-meisterhauser","status":"publish","type":"page","link":"\/2013\/dessau\/veranstaltungsorte\/kinderprojekt-entdeckertour-durch-die-meisterhauser\/","title":{"rendered":"Kinderprojekt &#8222;Entdeckertour durch die Meisterh\u00e4user&#8220;"},"content":{"rendered":"<p>Nur zehn Minuten vom Bauhaus entfernt, haben hier die Meister und der Direktor des Bauhauses vor etwa 85 Jahren gewohnt. Ganz vorne in dem ersten Haus lebte Walter Gropius. In den restlichen H\u00e4usern waren die Bauhauslehrer untergebracht, die am Bauhaus \u201eMeister\u201c genannt wurden. Auf den Spuren von Wassily Kandinsky und Paul Klee begeben sich die Sch\u00fcler auf Entdeckungsreise in eine vergangene Zeit und erleben vielf\u00e4ltige M\u00f6glichkeiten der farbigen Gestaltung von Innenr\u00e4umen. F\u00fchrung mit Farbworkshop in den Meisterh\u00e4usern.<\/p>\n<p>\nDauer: 1,5 Stunden, um <a href=\"mailto:irrgang@bauhaus-dessau.de\">Anmeldung<\/a> wird gebeten, Alter 6 bis 10 Jahre<br \/>\nStart ab dem Bauhausgeb\u00e4ude, Gropiusallee 38<\/p>\n","protected":false},"excerpt":{"rendered":"<p>Nur zehn Minuten vom Bauhaus entfernt, haben hier die Meister und der Direktor des Bauhauses vor etwa 85 Jahren gewohnt. Ganz vorne in dem ersten Haus lebte Walter Gropius. In den restlichen H\u00e4usern waren die Bauhauslehrer untergebracht, die am Bauhaus \u201eMeister\u201c genannt wurden. Auf den Spuren von Wassily Kandinsky und Paul Klee begeben sich die [&hellip;]<\/p>\n","protected":false},"author":1,"featured_media":0,"parent":38,"menu_order":57,"comment_status":"open","ping_status":"open","template":"_template_60_40.php","meta":{"_acf_changed":false,"footnotes":""},"class_list":["post-1453","page","type-page","status-publish","hentry"],"acf":[],"_links":{"self":[{"href":"https:\/\/triennale-der-moderne.de\/2013\/wp-json\/wp\/v2\/pages\/1453"}],"collection":[{"href":"https:\/\/triennale-der-moderne.de\/2013\/wp-json\/wp\/v2\/pages"}],"about":[{"href":"https:\/\/triennale-der-moderne.de\/2013\/wp-json\/wp\/v2\/types\/page"}],"author":[{"embeddable":true,"href":"https:\/\/triennale-der-moderne.de\/2013\/wp-json\/wp\/v2\/users\/1"}],"replies":[{"embeddable":true,"href":"https:\/\/triennale-der-moderne.de\/2013\/wp-json\/wp\/v2\/comments?post=1453"}],"version-history":[{"count":0,"href":"https:\/\/triennale-der-moderne.de\/2013\/wp-json\/wp\/v2\/pages\/1453\/revisions"}],"up":[{"embeddable":true,"href":"https:\/\/triennale-der-moderne.de\/2013\/wp-json\/wp\/v2\/pages\/38"}],"wp:attachment":[{"href":"https:\/\/triennale-der-moderne.de\/2013\/wp-json\/wp\/v2\/media?parent=1453"}],"curies":[{"name":"wp","href":"https:\/\/api.w.org\/{rel}","templated":true}]}}