{"id":1422,"date":"2013-06-24T15:20:06","date_gmt":"2013-06-24T15:20:06","guid":{"rendered":"http:\/\/www.triennale-der-moderne.de\/2013\/?page_id=1422"},"modified":"2016-01-15T18:52:18","modified_gmt":"2016-01-15T17:52:18","slug":"gartenstadt-falkenberg","status":"publish","type":"page","link":"\/2013\/berlin\/veranstaltungsorte\/gartenstadt-falkenberg\/","title":{"rendered":"Gartenstadt Falkenberg"},"content":{"rendered":"<p>Im Jahre 1913 von Bruno Taut nach dem Motto \u201eGr\u00fcn, gemeinsam und doch jedem sein Kleinod mit einer harmonischen Verbindung zwischen gro\u00dfst\u00e4dtischer und l\u00e4ndlicher Lebensform\u201c gebaut, 2008 ins Welterbe der UNSECO aufgenommen, 2001, 2008 und 2012 erweitert, feiert die \u201eTuschkastensiedlung\u201c in der Gartenstadt Falkenberg in diesem Jahr ihr 100-j\u00e4hriges Jubil\u00e4um. Was damals revolution\u00e4r genannt wurde ist auch heute noch \u00fcberraschend modern.<br \/>\nIm Rahmen einer Kooperation der \u201eStiftung Weltkulturerbe Gartenstadt Falkenberg und Schillerpark-Siedlung der Berliner Moderne\u201c mit dem Center for Metropolitan Studies der TU Berlin entsteht eine Ausstellung mit dem Titel \u201e100 Jahre Gartenstadt\u201c. Studierende des Masterstudiengangs \u201eHistorische Urbanistik\u201c erforschen in einem Projektseminar unter Leitung von Prof. Paul Sigel die Geschichte und Gegenwart der Berliner Siedlungen Falkenberg und Schillerpark. Neben der Planungs- und Architekturgeschichte werden auch weitere Aspekte wie beispielsweise das Bauen mit Farbe, die Gartenstadtbewegung, das genossenschaftliche Bauen oder die ber\u00fchmt gewordene Festkultur der Siedlung Falkenberg thematisiert.<br \/>\nDie Ergebnisse werden auf gro\u00dfz\u00fcgigen Wandtafeln dokumentiert und im Raum des Siedlungsausschusses der Gartenstadt Falkenberg zur Triennale der Moderne am 2. Oktober 2013 um 15.30 Uhr pr\u00e4sentiert. Vertreter der Stiftung sowie die Studenten werden vor Ort sein und f\u00fcr Fragen und Ausk\u00fcnfte zur Verf\u00fcgung stehen.<\/p>\n<p>F\u00fchrung: Dr. Matthias Dunger<br \/>\nVeranstalter: Landesdenkmalamt Berlin<br \/>\nTreffpunkt: In der Ausstellung \u201e100 Jahre Gartenstadt Falkenberg\u201c<br \/>\nAm Falkenberg 117, 12524 Berlin, Zugang \u00fcber Gartenstadtweg 9<br \/>\nfreier Eintritt, Anmeldung \u00fcber <a href=\"mailto:auftrag@kulturspionage.com\">auftrag-at-kulturspionage.com<\/a><br \/>\nSonstige Infos: <a href=\"http:\/\/www.welterbe-berlin.de\" target=\"_blank\">www.welterbe-berlin.de<\/a><\/p>\n","protected":false},"excerpt":{"rendered":"<p>Im Jahre 1913 von Bruno Taut nach dem Motto \u201eGr\u00fcn, gemeinsam und doch jedem sein Kleinod mit einer harmonischen Verbindung zwischen gro\u00dfst\u00e4dtischer und l\u00e4ndlicher Lebensform\u201c gebaut, 2008 ins Welterbe der UNSECO aufgenommen, 2001, 2008 und 2012 erweitert, feiert die \u201eTuschkastensiedlung\u201c in der Gartenstadt Falkenberg in diesem Jahr ihr 100-j\u00e4hriges Jubil\u00e4um. Was damals revolution\u00e4r genannt wurde [&hellip;]<\/p>\n","protected":false},"author":1,"featured_media":0,"parent":28,"menu_order":30,"comment_status":"open","ping_status":"open","template":"_template_60_40.php","meta":{"_acf_changed":false,"footnotes":""},"class_list":["post-1422","page","type-page","status-publish","hentry"],"acf":[],"_links":{"self":[{"href":"https:\/\/triennale-der-moderne.de\/2013\/wp-json\/wp\/v2\/pages\/1422"}],"collection":[{"href":"https:\/\/triennale-der-moderne.de\/2013\/wp-json\/wp\/v2\/pages"}],"about":[{"href":"https:\/\/triennale-der-moderne.de\/2013\/wp-json\/wp\/v2\/types\/page"}],"author":[{"embeddable":true,"href":"https:\/\/triennale-der-moderne.de\/2013\/wp-json\/wp\/v2\/users\/1"}],"replies":[{"embeddable":true,"href":"https:\/\/triennale-der-moderne.de\/2013\/wp-json\/wp\/v2\/comments?post=1422"}],"version-history":[{"count":1,"href":"https:\/\/triennale-der-moderne.de\/2013\/wp-json\/wp\/v2\/pages\/1422\/revisions"}],"predecessor-version":[{"id":2278,"href":"https:\/\/triennale-der-moderne.de\/2013\/wp-json\/wp\/v2\/pages\/1422\/revisions\/2278"}],"up":[{"embeddable":true,"href":"https:\/\/triennale-der-moderne.de\/2013\/wp-json\/wp\/v2\/pages\/28"}],"wp:attachment":[{"href":"https:\/\/triennale-der-moderne.de\/2013\/wp-json\/wp\/v2\/media?parent=1422"}],"curies":[{"name":"wp","href":"https:\/\/api.w.org\/{rel}","templated":true}]}}