{"id":1394,"date":"2013-06-24T11:31:58","date_gmt":"2013-06-24T11:31:58","guid":{"rendered":"http:\/\/www.triennale-der-moderne.de\/2013\/?page_id=1394"},"modified":"2013-06-24T11:31:58","modified_gmt":"2013-06-24T11:31:58","slug":"ehemalige-bundesschule-des-agdb-bernau","status":"publish","type":"page","link":"\/2013\/berlin\/veranstaltungsorte\/ehemalige-bundesschule-des-agdb-bernau\/","title":{"rendered":"Ehemalige Bundesschule des ADGB Bernau"},"content":{"rendered":"<p>Der Komplex der ehemalige Bundesschule des ADGB einschlie\u00dflich der angegliederten Lehrerh\u00e4user aus den Jahren 1928\/30 von Hannes Meyer und Hans Wittwer gilt als eine der Ikonen der klassischen Moderne in Deutschland und als herausragende Leistung des Dessauer Bauhauses.<br \/>\nMit der Wiederherstellung und Instandsetzung des Baudenkmals ist die urspr\u00fcngliche Konzeption der Schule, die \u201egebaute P\u00e4dagogik\u201c, wieder sichtbar. Die Bauaufgabe verlangte wegen der herausragenden Bedeutung des Baudenkmals eigene denkmalpflegerische L\u00f6sungen im Detail. Damit konnten die heutigen Anforderungen bzw. Auflagen an ein funktionst\u00fcchtiges Geb\u00e4ude eingel\u00f6st werden, eingebunden in eine Architektursprache, die sich neuer Techniken und Baustoffe mit eigener Gestaltkraft bedient und gleichzeitig die besonderen Qualit\u00e4ten des Baudenkmals herausstellt.\n<\/p>\n<p><h3>Treffpunkt<\/h3>\n<p>Haupteingang, Ehemalige Bundesschule des ADGB, Hannes-Meyer-Campus 1, 16321 Bernau-Waldfrieden<br \/>\nTeilnehmerzahl: max. 30 Pers., kein Eintritt, Anmeldung \u00fcber <a href=\"mailto:auftrag@kulturspionage.com\">auftrag@kulturspionage.com<\/a>\n<\/p>\n<p><h3>Anbindung an den \u00d6ffentlichen Personennahverkehr<\/h3>\n<p>Zur ehemaligen Bundesschule des ADGB in Bernau-Waldfrieden gelangen Sie per Bahn mit dem Regional-Express oder der S-Bahn (Linie S2) bis zum S-Bahnhof Bernau (von Berlin ca. 30 min.), anschlie\u00dfend von der Bushaltestelle S-Bahnhof\u00a0Bernau\u00a0mit dem Bus 903 (Wochenende bis 18 Uhr) Richtung Marienwerder via Wandlitz bis zur Haltestelle Waldfrieden (Fahrzeit ab S-Bahnhof Bernau ca. 10 Minuten \/ 6 Stationen).<\/p>\n","protected":false},"excerpt":{"rendered":"<p>Der Komplex der ehemalige Bundesschule des ADGB einschlie\u00dflich der angegliederten Lehrerh\u00e4user aus den Jahren 1928\/30 von Hannes Meyer und Hans Wittwer gilt als eine der Ikonen der klassischen Moderne in Deutschland und als herausragende Leistung des Dessauer Bauhauses. Mit der Wiederherstellung und Instandsetzung des Baudenkmals ist die urspr\u00fcngliche Konzeption der Schule, die \u201egebaute P\u00e4dagogik\u201c, wieder [&hellip;]<\/p>\n","protected":false},"author":1,"featured_media":0,"parent":28,"menu_order":20,"comment_status":"open","ping_status":"open","template":"_template_60_40.php","meta":{"_acf_changed":false,"footnotes":""},"class_list":["post-1394","page","type-page","status-publish","hentry"],"acf":[],"_links":{"self":[{"href":"https:\/\/triennale-der-moderne.de\/2013\/wp-json\/wp\/v2\/pages\/1394"}],"collection":[{"href":"https:\/\/triennale-der-moderne.de\/2013\/wp-json\/wp\/v2\/pages"}],"about":[{"href":"https:\/\/triennale-der-moderne.de\/2013\/wp-json\/wp\/v2\/types\/page"}],"author":[{"embeddable":true,"href":"https:\/\/triennale-der-moderne.de\/2013\/wp-json\/wp\/v2\/users\/1"}],"replies":[{"embeddable":true,"href":"https:\/\/triennale-der-moderne.de\/2013\/wp-json\/wp\/v2\/comments?post=1394"}],"version-history":[{"count":0,"href":"https:\/\/triennale-der-moderne.de\/2013\/wp-json\/wp\/v2\/pages\/1394\/revisions"}],"up":[{"embeddable":true,"href":"https:\/\/triennale-der-moderne.de\/2013\/wp-json\/wp\/v2\/pages\/28"}],"wp:attachment":[{"href":"https:\/\/triennale-der-moderne.de\/2013\/wp-json\/wp\/v2\/media?parent=1394"}],"curies":[{"name":"wp","href":"https:\/\/api.w.org\/{rel}","templated":true}]}}