{"id":1297,"date":"2013-05-27T12:23:53","date_gmt":"2013-05-27T12:23:53","guid":{"rendered":"http:\/\/www.triennale-der-moderne.de\/2013\/?page_id=1297"},"modified":"2013-05-27T12:23:53","modified_gmt":"2013-05-27T12:23:53","slug":"judische-architekten-busrundfahrt-28-9","status":"publish","type":"page","link":"\/2013\/berlin\/veranstaltungsorte\/judische-architekten-busrundfahrt-28-9\/","title":{"rendered":"J\u00fcdische Architekten &#8211; Busrundfahrt am 28.9."},"content":{"rendered":"<p>Die Rundfahrt f\u00fchrt zu Villen und Landh\u00e4usern von<br \/>\nj\u00fcdischen Architekten, die \u00fcberwiegend im S\u00fcdwesten Berlins<br \/>\nerrichtet wurden. Hier entstanden zahlreiche neue Villenviertel<br \/>\nf\u00fcr das gehobene, oft auch j\u00fcdische B\u00fcrgertum. Die Rundfahrt<br \/>\nbeginnt mit der expressionistischen Villa Bab von Harry<br \/>\nRosenthal, f\u00fchrt dann zu einem Doppelhaus von Rudolf Fr\u00e4nkel, zu<br \/>\nBauten von Alfons Anker (mit den Br\u00fcdern Luckhardt) an der<br \/>\nSchorlemerallee, wo auch das Kupferhaus, ddas weltweit erste<br \/>\nFertighaus, zu sehen ist. Dann folgen repr\u00e4sentative Villen von<br \/>\nOskar Kaufmann, Adolf Wollenberg und Michael Rachlis in<br \/>\nGrunewald. Die Tour endet am Doppelhaus von Erich Mendelsohn am<br \/>\nKarolingerplatz 5 in Westend.<\/p>\n<p>\nTermin: 28.9. um 15 Uhr<br \/>\nAbfahrtspunkt: Ruhrstr 12A\/ Ecke Konstanzer Str. <br \/>\n(Villa Bab v. H. Rosenthal) N\u00e4he U Bhf Konstanzer Str<br \/>\nR\u00fcckkehrpunkt: Karolingerplatz 5 (Doppelhaus von Erich Mendelsohn)<br \/>\nN\u00e4he U Bhf Theodor-Heuss-Platz <br \/>\nDauer: 2 bis 2,5 Stunden<br \/>\nAnmeldung unter <a href=\"http:\/\/www.juedische-architekten.de\" target=\"_blank\">www.juedische-architekten.de<\/a>.<\/p>\n","protected":false},"excerpt":{"rendered":"<p>Die Rundfahrt f\u00fchrt zu Villen und Landh\u00e4usern von j\u00fcdischen Architekten, die \u00fcberwiegend im S\u00fcdwesten Berlins errichtet wurden. Hier entstanden zahlreiche neue Villenviertel f\u00fcr das gehobene, oft auch j\u00fcdische B\u00fcrgertum. Die Rundfahrt beginnt mit der expressionistischen Villa Bab von Harry Rosenthal, f\u00fchrt dann zu einem Doppelhaus von Rudolf Fr\u00e4nkel, zu Bauten von Alfons Anker (mit den [&hellip;]<\/p>\n","protected":false},"author":1,"featured_media":0,"parent":28,"menu_order":36,"comment_status":"open","ping_status":"open","template":"_template_60_40.php","meta":{"_acf_changed":false,"footnotes":""},"class_list":["post-1297","page","type-page","status-publish","hentry"],"acf":[],"_links":{"self":[{"href":"https:\/\/triennale-der-moderne.de\/2013\/wp-json\/wp\/v2\/pages\/1297"}],"collection":[{"href":"https:\/\/triennale-der-moderne.de\/2013\/wp-json\/wp\/v2\/pages"}],"about":[{"href":"https:\/\/triennale-der-moderne.de\/2013\/wp-json\/wp\/v2\/types\/page"}],"author":[{"embeddable":true,"href":"https:\/\/triennale-der-moderne.de\/2013\/wp-json\/wp\/v2\/users\/1"}],"replies":[{"embeddable":true,"href":"https:\/\/triennale-der-moderne.de\/2013\/wp-json\/wp\/v2\/comments?post=1297"}],"version-history":[{"count":0,"href":"https:\/\/triennale-der-moderne.de\/2013\/wp-json\/wp\/v2\/pages\/1297\/revisions"}],"up":[{"embeddable":true,"href":"https:\/\/triennale-der-moderne.de\/2013\/wp-json\/wp\/v2\/pages\/28"}],"wp:attachment":[{"href":"https:\/\/triennale-der-moderne.de\/2013\/wp-json\/wp\/v2\/media?parent=1297"}],"curies":[{"name":"wp","href":"https:\/\/api.w.org\/{rel}","templated":true}]}}