{"id":1116,"date":"2013-05-16T12:44:44","date_gmt":"2013-05-16T12:44:44","guid":{"rendered":"http:\/\/www.triennale-der-moderne.de\/2013\/\/weimar\/veranstaltungsorte\/neues-museum-weimar-henry-van-de-velde\/"},"modified":"2013-05-16T12:44:44","modified_gmt":"2013-05-16T12:44:44","slug":"neues-museum-weimar","status":"publish","type":"page","link":"\/2013\/weimar\/veranstaltungsorte\/neues-museum-weimar\/","title":{"rendered":"Neues Museum Weimar"},"content":{"rendered":"<p>\nOrt: Neues Museum Weimar, Weimarplatz 5, 99423 Weimar\n<\/p>\n<ul class=\"arrow\">\n<li>jeden Fr 15 Uhr und jeden So 11 Uhr:F\u00fchrung durch die Ausstellung<\/li>\n<li>jeden 1. und 3. Sonntag im Monat 11 Uhr: F\u00fchrung mit Kuratoren und Experten<\/li>\n<li>21.04. und 26.05. je 14 Uhr: Familienf\u00fchrung<\/li>\n<\/ul>\n","protected":false},"excerpt":{"rendered":"<p>Ort: Neues Museum Weimar, Weimarplatz 5, 99423 Weimar jeden Fr 15 Uhr und jeden So 11 Uhr:F\u00fchrung durch die Ausstellung jeden 1. und 3. Sonntag im Monat 11 Uhr: F\u00fchrung mit Kuratoren und Experten 21.04. und 26.05. je 14 Uhr: Familienf\u00fchrung<\/p>\n","protected":false},"author":1,"featured_media":0,"parent":48,"menu_order":9,"comment_status":"open","ping_status":"open","template":"_template_60_40.php","meta":{"_acf_changed":false,"footnotes":""},"class_list":["post-1116","page","type-page","status-publish","hentry"],"acf":[],"_links":{"self":[{"href":"https:\/\/triennale-der-moderne.de\/2013\/wp-json\/wp\/v2\/pages\/1116"}],"collection":[{"href":"https:\/\/triennale-der-moderne.de\/2013\/wp-json\/wp\/v2\/pages"}],"about":[{"href":"https:\/\/triennale-der-moderne.de\/2013\/wp-json\/wp\/v2\/types\/page"}],"author":[{"embeddable":true,"href":"https:\/\/triennale-der-moderne.de\/2013\/wp-json\/wp\/v2\/users\/1"}],"replies":[{"embeddable":true,"href":"https:\/\/triennale-der-moderne.de\/2013\/wp-json\/wp\/v2\/comments?post=1116"}],"version-history":[{"count":0,"href":"https:\/\/triennale-der-moderne.de\/2013\/wp-json\/wp\/v2\/pages\/1116\/revisions"}],"up":[{"embeddable":true,"href":"https:\/\/triennale-der-moderne.de\/2013\/wp-json\/wp\/v2\/pages\/48"}],"wp:attachment":[{"href":"https:\/\/triennale-der-moderne.de\/2013\/wp-json\/wp\/v2\/media?parent=1116"}],"curies":[{"name":"wp","href":"https:\/\/api.w.org\/{rel}","templated":true}]}}