{"id":11,"date":"2013-05-04T10:05:34","date_gmt":"2013-05-04T10:05:34","guid":{"rendered":"http:\/\/www.triennale-der-moderne.de\/2013\/\/?page_id=11"},"modified":"2013-05-04T10:05:34","modified_gmt":"2013-05-04T10:05:34","slug":"konzept-schwerpunkte","status":"publish","type":"page","link":"\/2013\/allgemein\/konzept-schwerpunkte\/","title":{"rendered":"Konzept &amp; Schwerpunkte"},"content":{"rendered":"<p>Die Initiative \u201eTriennale der Moderne\u201c beabsichtigt \u2013 ausgehend von den UNESCO-Welterbest\u00e4tten in Berlin, Weimar und Dessau \u2013 ein Netzwerk der Moderne aufzubauen und das Welterbe der Architekturmoderne in Deutschland bekannter zu machen. <\/p>\n<p><strong>2013 \u2013 im Auftaktjahr der Triennale<\/strong><br \/>\nschlie\u00dft sich die Initiative dem <a href=\"http:\/\/www.visitberlin.de\/de\/artikel\/themenjahr-zerstoerte-vielfalt\" target=\"_blank\">Berliner Themenjahr \u201eZerst\u00f6rte Vielfalt\u201c<\/a> an. Drei Orte an drei Wochenenden: Vielf\u00e4ltige Angebote bestimmen schwerpunktm\u00e4\u00dfig an den Herbst-Wochenenden zwischen 27.9. und 13.10.2013 das Programm der Triennale. Sie werden von Sonderveranstaltungen wie Ausstellungen und Tagungen begleitet. Falls nicht anders angegeben, ist eine Anmeldung f\u00fcr die Teilnahme an den Veranstaltungen erforderlich. Diese erfolgt wenn nicht anders vermerkt, direkt \u00fcber den Anbieter \u00fcber die jeweilige Informationsseite der Veranstaltung. F\u00fcr eventuelle Programmaktualisierungen vergewissern Sie sich bitte, ob hier auf dieser Website entsprechende \u00c4nderungen vermerkt sind.\n<\/p>\n<p><strong>2016 feiert Dessau das 90j\u00e4hrige Bestehen des Bauhausgeb\u00e4udes <br \/>und wird zum Ausgangspunkt zahlreicher Aktivit\u00e4ten.<\/p>\n<p>2019 wird dann Weimar mit dem Jubil\u00e4um \u201e100 Jahre Bauhaus\u201c <br \/>im Mittelpunkt des Interesses stehen.<\/strong><\/p>\n<p><strong>Hinweis (Stand 2014):<\/strong><br \/>\nAuch zwischen den Veranstaltungsjahren finden bei mehreren Partnerorganisationen der Triennale in Berlin, Dessau und Weimar weitere Veranstaltungsangebote statt. Entsprechende Programminformationen entnehmen Sie bitte den Websites der entsprechenden Partnerorganisationen.<\/p>\n<p><\/p>\n<h4>Information zu den drei Veranstaltungsorten<\/h4>\n<ul class=\"arrow\">\n<li><a title=\"Schwerpunkt &amp; Kontakt\" href=\"http:\/\/www.triennale-der-moderne.de\/2013\/\/berlin\/schwerpunkt-kontakt\/\">Berlin \u2013 Metropole der Moderne<\/a><\/li>\n<li><a title=\"Schwerpunkt &amp; Kontakt\" href=\"http:\/\/www.triennale-der-moderne.de\/2013\/\/weimar\/schwerpunkt-kontakt\/\">Weimar \u2013 Wiege der Moderne<\/a><\/li>\n<li><a title=\"Schwerpunkt &amp; Kontakt\" href=\"http:\/\/www.triennale-der-moderne.de\/2013\/\/dessau\/schwerpunkt-kontakt\/\">Dessau \u2013 Labor der Moderne<\/a><\/li>\n<\/ul>\n","protected":false},"excerpt":{"rendered":"<p>Die Initiative \u201eTriennale der Moderne\u201c beabsichtigt \u2013 ausgehend von den UNESCO-Welterbest\u00e4tten in Berlin, Weimar und Dessau \u2013 ein Netzwerk der Moderne aufzubauen und das Welterbe der Architekturmoderne in Deutschland bekannter zu machen. 2013 \u2013 im Auftaktjahr der Triennale schlie\u00dft sich die Initiative dem Berliner Themenjahr \u201eZerst\u00f6rte Vielfalt\u201c an. Drei Orte an drei Wochenenden: Vielf\u00e4ltige Angebote [&hellip;]<\/p>\n","protected":false},"author":1,"featured_media":0,"parent":404,"menu_order":6,"comment_status":"open","ping_status":"open","template":"_template_60_40.php","meta":{"_acf_changed":false,"footnotes":""},"class_list":["post-11","page","type-page","status-publish","hentry"],"acf":[],"_links":{"self":[{"href":"https:\/\/triennale-der-moderne.de\/2013\/wp-json\/wp\/v2\/pages\/11"}],"collection":[{"href":"https:\/\/triennale-der-moderne.de\/2013\/wp-json\/wp\/v2\/pages"}],"about":[{"href":"https:\/\/triennale-der-moderne.de\/2013\/wp-json\/wp\/v2\/types\/page"}],"author":[{"embeddable":true,"href":"https:\/\/triennale-der-moderne.de\/2013\/wp-json\/wp\/v2\/users\/1"}],"replies":[{"embeddable":true,"href":"https:\/\/triennale-der-moderne.de\/2013\/wp-json\/wp\/v2\/comments?post=11"}],"version-history":[{"count":0,"href":"https:\/\/triennale-der-moderne.de\/2013\/wp-json\/wp\/v2\/pages\/11\/revisions"}],"up":[{"embeddable":true,"href":"https:\/\/triennale-der-moderne.de\/2013\/wp-json\/wp\/v2\/pages\/404"}],"wp:attachment":[{"href":"https:\/\/triennale-der-moderne.de\/2013\/wp-json\/wp\/v2\/media?parent=11"}],"curies":[{"name":"wp","href":"https:\/\/api.w.org\/{rel}","templated":true}]}}